{"id":9101,"date":"2022-12-13T09:50:54","date_gmt":"2022-12-13T06:50:54","guid":{"rendered":"https:\/\/storagetech.de\/bergbau\/"},"modified":"2023-09-05T09:44:39","modified_gmt":"2023-09-05T06:44:39","slug":"bergbau","status":"publish","type":"page","link":"https:\/\/storagetech.de\/de\/branchen\/bergbau\/","title":{"rendered":"Bergbau"},"content":{"rendered":"<p><div class=\"fusion-fullwidth fullwidth-box fusion-builder-row-1 fusion-flex-container has-pattern-background has-mask-background nonhundred-percent-fullwidth non-hundred-percent-height-scrolling\" style=\"--link_hover_color: #3c95d0;--awb-border-radius-top-left:0px;--awb-border-radius-top-right:0px;--awb-border-radius-bottom-right:0px;--awb-border-radius-bottom-left:0px;--awb-flex-wrap:wrap;\" ><div class=\"fusion-builder-row fusion-row fusion-flex-align-items-center fusion-flex-content-wrap\" style=\"max-width:1216.8px;margin-left: calc(-4% \/ 2 );margin-right: calc(-4% \/ 2 );\"><div class=\"fusion-layout-column fusion_builder_column fusion-builder-column-0 fusion_builder_column_5_6 5_6 fusion-flex-column fusion-flex-align-self-center\" style=\"--awb-bg-size:cover;--awb-width-large:83.333333333333%;--awb-margin-top-large:20px;--awb-spacing-right-large:2.304%;--awb-margin-bottom-large:20px;--awb-spacing-left-large:2.304%;--awb-width-medium:100%;--awb-order-medium:0;--awb-spacing-right-medium:1.92%;--awb-spacing-left-medium:1.92%;--awb-width-small:100%;--awb-order-small:0;--awb-spacing-right-small:1.92%;--awb-spacing-left-small:1.92%;\"><div class=\"fusion-column-wrapper fusion-column-has-shadow fusion-flex-justify-content-center fusion-content-layout-column\"><div class=\"fusion-title title fusion-title-1 fusion-sep-none fusion-title-text fusion-title-size-two\" style=\"--awb-text-color:#e2e2e2;--awb-margin-bottom:0px;--awb-font-size:46px;\"><h2 class=\"fusion-title-heading title-heading-left fusion-responsive-typography-calculated\" style=\"font-family:&quot;Open Sans&quot;;font-style:normal;font-weight:400;margin:0;font-size:1em;letter-spacing:-0.015em;text-transform:none;--fontSize:46;line-height:0.65;\"><a href=\"https:\/\/storagetech.de\/industries\/\" class=\"awb-custom-text-color awb-custom-text-hover-color\" target=\"_self\">Branchen<\/a><\/h2><\/div><\/div><\/div><div class=\"fusion-layout-column fusion_builder_column fusion-builder-column-1 fusion_builder_column_1_6 1_6 fusion-flex-column fusion-flex-align-self-center\" style=\"--awb-bg-size:cover;--awb-width-large:16.666666666667%;--awb-margin-top-large:20px;--awb-spacing-right-large:11.52%;--awb-margin-bottom-large:20px;--awb-spacing-left-large:11.52%;--awb-width-medium:100%;--awb-order-medium:0;--awb-spacing-right-medium:1.92%;--awb-spacing-left-medium:1.92%;--awb-width-small:100%;--awb-order-small:0;--awb-spacing-right-small:1.92%;--awb-spacing-left-small:1.92%;\"><div class=\"fusion-column-wrapper fusion-column-has-shadow fusion-flex-justify-content-center fusion-content-layout-column\"><div class=\"fusion-image-element \" style=\"--awb-margin-top:0px;--awb-margin-bottom:0px;--awb-caption-title-font-family:var(--h2_typography-font-family);--awb-caption-title-font-weight:var(--h2_typography-font-weight);--awb-caption-title-font-style:var(--h2_typography-font-style);--awb-caption-title-size:var(--h2_typography-font-size);--awb-caption-title-transform:var(--h2_typography-text-transform);--awb-caption-title-line-height:var(--h2_typography-line-height);--awb-caption-title-letter-spacing:var(--h2_typography-letter-spacing);\"><span class=\" fusion-imageframe imageframe-none imageframe-1 hover-type-none\"><img decoding=\"async\" src=\"data:image\/gif;base64,R0lGODlhAQABAAAAACH5BAEKAAEALAAAAAABAAEAAAICTAEAOw==\" data-orig-src=\"https:\/\/aager.de\/wp-content\/uploads\/2022\/07\/breadcum_logo-1.png\" class=\"lazyload img-responsive wp-image-18745\" alt=\"\" title=\"\"><\/span><\/div><\/div><\/div><div class=\"fusion-layout-column fusion_builder_column fusion-builder-column-2 fusion_builder_column_1_1 1_1 fusion-flex-column fusion-flex-align-self-flex-start\" style=\"--awb-bg-size:cover;--awb-width-large:100%;--awb-margin-top-large:0px;--awb-spacing-right-large:1.92%;--awb-margin-bottom-large:20px;--awb-spacing-left-large:1.92%;--awb-width-medium:100%;--awb-order-medium:0;--awb-spacing-right-medium:1.92%;--awb-spacing-left-medium:1.92%;--awb-width-small:100%;--awb-order-small:0;--awb-spacing-right-small:1.92%;--awb-spacing-left-small:1.92%;\"><div class=\"fusion-column-wrapper fusion-column-has-shadow fusion-flex-justify-content-flex-start fusion-content-layout-column\"><div class=\"fusion-separator fusion-full-width-sep\" style=\"align-self: center;margin-left: auto;margin-right: auto;width:100%;\"><div class=\"fusion-separator-border sep-single\" style=\"--awb-height:20px;--awb-amount:20px;--awb-sep-color:var(--awb-color3);border-color:var(--awb-color3);border-top-width:1px;\"><\/div><\/div><\/div><\/div><\/div><\/div>\n<div class=\"fusion-fullwidth fullwidth-box fusion-builder-row-2 fusion-flex-container has-pattern-background has-mask-background nonhundred-percent-fullwidth non-hundred-percent-height-scrolling\" style=\"--awb-background-position:left top;--awb-border-sizes-top:0px;--awb-border-sizes-bottom:0px;--awb-border-sizes-left:0px;--awb-border-sizes-right:0px;--awb-border-radius-top-left:0px;--awb-border-radius-top-right:0px;--awb-border-radius-bottom-right:0px;--awb-border-radius-bottom-left:0px;--awb-padding-top:50px;--awb-padding-bottom:30px;--awb-flex-wrap:wrap;\" ><div class=\"fusion-builder-row fusion-row fusion-flex-align-items-flex-start fusion-flex-content-wrap\" style=\"max-width:1216.8px;margin-left: calc(-4% \/ 2 );margin-right: calc(-4% \/ 2 );\"><div class=\"fusion-layout-column fusion_builder_column fusion-builder-column-3 fusion_builder_column_1_2 1_2 fusion-flex-column\" style=\"--awb-bg-blend:overlay;--awb-bg-size:cover;--awb-width-large:50%;--awb-margin-top-large:0px;--awb-spacing-right-large:3.84%;--awb-margin-bottom-large:20px;--awb-spacing-left-large:3.84%;--awb-width-medium:100%;--awb-spacing-right-medium:1.92%;--awb-spacing-left-medium:1.92%;--awb-width-small:100%;--awb-spacing-right-small:1.92%;--awb-spacing-left-small:1.92%;\"><div class=\"fusion-column-wrapper fusion-flex-justify-content-flex-start fusion-content-layout-column\"><div class=\"fusion-title title fusion-title-2 fusion-sep-none fusion-title-text fusion-title-size-two\" style=\"--awb-margin-bottom:50px;\"><h2 class=\"fusion-title-heading title-heading-left fusion-responsive-typography-calculated\" style=\"margin:0;text-transform:none;--fontSize:32;line-height:var(--awb-typography1-line-height);\">Bergbau<\/h2><\/div><div class=\"fusion-separator\" style=\"align-self: flex-start;margin-right:auto;margin-top:0px;margin-bottom:40px;width:100%;max-width:170px;\"><div class=\"fusion-separator-border sep-single sep-solid\" style=\"--awb-height:20px;--awb-amount:20px;--awb-sep-color:var(--awb-color3);border-color:var(--awb-color3);border-top-width:3px;\"><\/div><\/div><div class=\"fusion-text fusion-text-1\"><p>Die Bergbauindustrie entwickelt sich st\u00e4ndig weiter und steht vor neuen Herausforderungen. Wir bei Storagetech glauben, dass der Schl\u00fcssel zum Erfolg in dieser Branche darin besteht, proaktiv zu sein und innovative L\u00f6sungen f\u00fcr diese Herausforderungen zu finden. Unser F&amp;E-Team investiert viel Zeit und Ressourcen in die Entwicklung neuer Technologien und Produktionsmethoden, die unseren Kunden helfen, an der Spitze der Branche zu bleiben.<\/p>\n<p>Eine der gr\u00f6\u00dften Herausforderungen f\u00fcr die Bergbauindustrie ist die Reduzierung der CO2-Emissionen. Bei Storagetech setzen wir uns daf\u00fcr ein, den \u00dcbergang zu einer kohlenstoffarmen Zukunft zu unterst\u00fctzen, und arbeiten st\u00e4ndig daran, neue Wege zu finden, um die Umweltauswirkungen des Bergbaus zu reduzieren. Unsere kundenspezifischen Druckbeh\u00e4lter und Zusatzger\u00e4te sind darauf ausgelegt, die Produktion und Speicherung von kohlenstoffarmem Wasserstoff zu unterst\u00fctzen, der zunehmend als saubere Energiequelle in der Bergbauindustrie eingesetzt wird.<\/p>\n<\/div><div class=\"fusion-separator\" style=\"align-self: flex-start;margin-right:auto;margin-top:0px;margin-bottom:30px;width:100%;max-width:170px;\"><\/div><\/div><\/div><div class=\"fusion-layout-column fusion_builder_column fusion-builder-column-4 fusion_builder_column_1_2 1_2 fusion-flex-column\" style=\"--awb-bg-blend:overlay;--awb-bg-size:cover;--awb-width-large:50%;--awb-margin-top-large:0px;--awb-spacing-right-large:3.84%;--awb-margin-bottom-large:20px;--awb-spacing-left-large:3.84%;--awb-width-medium:100%;--awb-spacing-right-medium:1.92%;--awb-spacing-left-medium:1.92%;--awb-width-small:100%;--awb-spacing-right-small:1.92%;--awb-spacing-left-small:1.92%;\"><div class=\"fusion-column-wrapper fusion-flex-justify-content-flex-start fusion-content-layout-column\"><div class=\"fusion-image-element \" style=\"--awb-caption-title-font-family:var(--h2_typography-font-family);--awb-caption-title-font-weight:var(--h2_typography-font-weight);--awb-caption-title-font-style:var(--h2_typography-font-style);--awb-caption-title-size:var(--h2_typography-font-size);--awb-caption-title-transform:var(--h2_typography-text-transform);--awb-caption-title-line-height:var(--h2_typography-line-height);--awb-caption-title-letter-spacing:var(--h2_typography-letter-spacing);\"><span class=\" fusion-imageframe imageframe-none imageframe-2 hover-type-zoomin fusion-animated\" data-animationType=\"fadeInDown\" data-animationDuration=\"1\" data-animationOffset=\"top-into-view\"><img decoding=\"async\" width=\"580\" height=\"580\" title=\"mining industry\" src=\"https:\/\/storagetech.de\/wp-content\/uploads\/2022\/12\/mining-industry-1.png\" data-orig-src=\"https:\/\/storagetech.de\/wp-content\/uploads\/2022\/12\/mining-industry-1.png\" class=\"lazyload img-responsive wp-image-8952\" srcset=\"data:image\/svg+xml,%3Csvg%20xmlns%3D%27http%3A%2F%2Fwww.w3.org%2F2000%2Fsvg%27%20width%3D%27580%27%20height%3D%27580%27%20viewBox%3D%270%200%20580%20580%27%3E%3Crect%20width%3D%27580%27%20height%3D%27580%27%20fill-opacity%3D%220%22%2F%3E%3C%2Fsvg%3E\" data-srcset=\"https:\/\/storagetech.de\/wp-content\/uploads\/2022\/12\/mining-industry-1-200x200.png 200w, https:\/\/storagetech.de\/wp-content\/uploads\/2022\/12\/mining-industry-1-400x400.png 400w, https:\/\/storagetech.de\/wp-content\/uploads\/2022\/12\/mining-industry-1.png 580w\" data-sizes=\"auto\" data-orig-sizes=\"(max-width: 800px) 100vw, (max-width: 640px) 100vw, 580px\" data-orig- alt=\"\"><\/span><\/div><div class=\"fusion-separator fusion-full-width-sep\" style=\"align-self: center;margin-left: auto;margin-right: auto;margin-top:40px;width:100%;\"><\/div><\/div><\/div><div class=\"fusion-layout-column fusion_builder_column fusion-builder-column-5 fusion_builder_column_1_1 1_1 fusion-flex-column\" style=\"--awb-bg-size:cover;--awb-width-large:100%;--awb-margin-top-large:0px;--awb-spacing-right-large:1.92%;--awb-margin-bottom-large:20px;--awb-spacing-left-large:1.92%;--awb-width-medium:100%;--awb-order-medium:0;--awb-spacing-right-medium:1.92%;--awb-spacing-left-medium:1.92%;--awb-width-small:100%;--awb-order-small:0;--awb-spacing-right-small:1.92%;--awb-spacing-left-small:1.92%;\"><div class=\"fusion-column-wrapper fusion-column-has-shadow fusion-flex-justify-content-flex-start fusion-content-layout-column\"><div class=\"fusion-text fusion-text-2\"><p>Wir bei Storagetech sind bestrebt, unseren Kunden in der Bergbauindustrie zum Erfolg zu verhelfen, indem wir ihnen die Tools und Technologien zur Verf\u00fcgung stellen, die sie ben\u00f6tigen, um in einer sich schnell ver\u00e4ndernden Welt erfolgreich zu sein. Wir glauben, dass wir durch unsere Zusammenarbeit der Bergbauindustrie beim \u00dcbergang in eine nachhaltigere Zukunft helfen k\u00f6nnen.<\/p>\n<p>Wir unterst\u00fctzen gro\u00dfe Bergbau-OEM-Unternehmen bei der Herstellung und bieten technische Unterst\u00fctzung. Einige der Produkte, die wir herstellen, sind Brenn\u00f6fen, Holo-Flite, Brennkammern, Klappen, Zufuhrhauben, Feuerungshauben, \u00dcbergabesch\u00e4chte und K\u00fchleraustragshauben<\/p>\n<\/div><\/div><\/div><\/div><\/div><div class=\"fusion-fullwidth fullwidth-box fusion-builder-row-3 fusion-flex-container has-pattern-background has-mask-background nonhundred-percent-fullwidth non-hundred-percent-height-scrolling\" style=\"--awb-border-radius-top-left:0px;--awb-border-radius-top-right:0px;--awb-border-radius-bottom-right:0px;--awb-border-radius-bottom-left:0px;--awb-flex-wrap:wrap;\" ><div class=\"fusion-builder-row fusion-row fusion-flex-align-items-flex-start fusion-flex-content-wrap\" style=\"max-width:1216.8px;margin-left: calc(-4% \/ 2 );margin-right: calc(-4% \/ 2 );\"><div class=\"fusion-layout-column fusion_builder_column fusion-builder-column-6 fusion_builder_column_1_1 1_1 fusion-flex-column fusion-flex-align-self-flex-start fusion-column-no-min-height\" style=\"--awb-bg-blend:overlay;--awb-bg-size:cover;--awb-width-large:100%;--awb-margin-top-large:50px;--awb-spacing-right-large:1.92%;--awb-margin-bottom-large:0px;--awb-spacing-left-large:1.92%;--awb-width-medium:100%;--awb-order-medium:0;--awb-spacing-right-medium:1.92%;--awb-spacing-left-medium:1.92%;--awb-width-small:100%;--awb-order-small:0;--awb-spacing-right-small:1.92%;--awb-spacing-left-small:1.92%;\"><div class=\"fusion-column-wrapper fusion-column-has-shadow fusion-flex-justify-content-flex-start fusion-content-layout-column\"><div class=\"fusion-tabs fusion-tabs-1 classic nav-is-justified horizontal-tabs icon-position-left mobile-mode-accordion\" style=\"--awb-title-border-radius-top-left:0px;--awb-title-border-radius-top-right:0px;--awb-title-border-radius-bottom-right:0px;--awb-title-border-radius-bottom-left:0px;--awb-alignment:center;--awb-inactive-color:var(--awb-color2);--awb-background-color:var(--awb-color1);--awb-border-color:var(--awb-color3);--awb-active-border-color:var(--awb-color4);\"><div class=\"nav\"><ul class=\"nav-tabs nav-justified\" role=\"tablist\"><li class=\"active\" role=\"presentation\"><a class=\"tab-link\" data-toggle=\"tab\" role=\"tab\" aria-controls=\"tab-e27cd3fbb9c57a7bea3\" aria-selected=\"true\" id=\"fusion-tab-l\u00f6sungen\" href=\"#tab-e27cd3fbb9c57a7bea3\"><h4 class=\"fusion-tab-heading\"><i class=\"fontawesome-icon icon-agency-laptop-solid\" aria-hidden=\"true\" style=\"font-size:16px;\"><\/i>L\u00f6sungen<\/h4><\/a><\/li><li role=\"presentation\"><a class=\"tab-link\" data-toggle=\"tab\" role=\"tab\" aria-controls=\"tab-1ca88ed674e11f4fd21\" aria-selected=\"false\" tabindex=\"-1\" id=\"fusion-tab-fachkenntnisse\" href=\"#tab-1ca88ed674e11f4fd21\"><h4 class=\"fusion-tab-heading\"><i class=\"fontawesome-icon icon-agency-rocket-solid\" aria-hidden=\"true\" style=\"font-size:16px;\"><\/i>Fachkenntnisse<\/h4><\/a><\/li><li role=\"presentation\"><a class=\"tab-link\" data-toggle=\"tab\" role=\"tab\" aria-controls=\"tab-8b313753b057a128a63\" aria-selected=\"false\" tabindex=\"-1\" id=\"fusion-tab-technologie\" href=\"#tab-8b313753b057a128a63\"><h4 class=\"fusion-tab-heading\"><i class=\"fontawesome-icon icon-agency-code-solid\" aria-hidden=\"true\" style=\"font-size:16px;\"><\/i>Technologie<\/h4><\/a><\/li><li role=\"presentation\"><a class=\"tab-link\" data-toggle=\"tab\" role=\"tab\" aria-controls=\"tab-a4e93c68472bedc7a3c\" aria-selected=\"false\" tabindex=\"-1\" id=\"fusion-tab-beachtung\" href=\"#tab-a4e93c68472bedc7a3c\"><h4 class=\"fusion-tab-heading\"><i class=\"fontawesome-icon icon-agency-film-solid\" aria-hidden=\"true\" style=\"font-size:16px;\"><\/i>Beachtung<\/h4><\/a><\/li><\/ul><\/div><div class=\"tab-content\"><div class=\"nav fusion-mobile-tab-nav\"><ul class=\"nav-tabs nav-justified\" role=\"tablist\"><li class=\"active\" role=\"presentation\"><a class=\"tab-link\" data-toggle=\"tab\" role=\"tab\" aria-controls=\"tab-e27cd3fbb9c57a7bea3\" aria-selected=\"true\" id=\"mobile-fusion-tab-l\u00f6sungen\" href=\"#tab-e27cd3fbb9c57a7bea3\"><h4 class=\"fusion-tab-heading\"><i class=\"fontawesome-icon icon-agency-laptop-solid\" aria-hidden=\"true\" style=\"font-size:16px;\"><\/i>L\u00f6sungen<\/h4><\/a><\/li><\/ul><\/div><div class=\"tab-pane fade fusion-clearfix in active\" role=\"tabpanel\" tabindex=\"0\" aria-labelledby=\"fusion-tab-l\u00f6sungen\" id=\"tab-e27cd3fbb9c57a7bea3\">\n<p><span style=\"font-weight: 400;\">Storagetech hat f\u00fcr jede Industrie die besten L\u00f6sungen entwickelt. Die Produktpaletten sind kunden-orientiert und nach Industrie Bed\u00fcrfnissen integriert. Unser Team produziert Umweltl\u00f6sungen f\u00fcr Menschen und die Industrie. Storagetech-Produkte bieten eine bessere und sicherere L\u00f6sung f\u00fcr alle Arten von Lagertankausr\u00fcstungen. <\/span><\/p>\n<\/div><div class=\"nav fusion-mobile-tab-nav\"><ul class=\"nav-tabs nav-justified\" role=\"tablist\"><li role=\"presentation\"><a class=\"tab-link\" data-toggle=\"tab\" role=\"tab\" aria-controls=\"tab-1ca88ed674e11f4fd21\" aria-selected=\"false\" tabindex=\"-1\" id=\"mobile-fusion-tab-fachkenntnisse\" href=\"#tab-1ca88ed674e11f4fd21\"><h4 class=\"fusion-tab-heading\"><i class=\"fontawesome-icon icon-agency-rocket-solid\" aria-hidden=\"true\" style=\"font-size:16px;\"><\/i>Fachkenntnisse<\/h4><\/a><\/li><\/ul><\/div><div class=\"tab-pane fade fusion-clearfix\" role=\"tabpanel\" tabindex=\"0\" aria-labelledby=\"fusion-tab-fachkenntnisse\" id=\"tab-1ca88ed674e11f4fd21\">\n<p><span style=\"font-weight: 400;\">Das hochqualifizierte Engineering-Team von Storagetech arbeitet eng mit seinem F&amp;E-Team und seinen Kunden zusammen. Diese Arbeitsphilosophie ist der Schl\u00fcssel zu Storagetech&#8217;s 40-j\u00e4hrigen Erfahrung. Ihr technisches Know-how entwickeln sich mit den neuesten Innovationen weiter, um immer die beste L\u00f6sung anzubieten. <\/span><\/p>\n<\/div><div class=\"nav fusion-mobile-tab-nav\"><ul class=\"nav-tabs nav-justified\" role=\"tablist\"><li role=\"presentation\"><a class=\"tab-link\" data-toggle=\"tab\" role=\"tab\" aria-controls=\"tab-8b313753b057a128a63\" aria-selected=\"false\" tabindex=\"-1\" id=\"mobile-fusion-tab-technologie\" href=\"#tab-8b313753b057a128a63\"><h4 class=\"fusion-tab-heading\"><i class=\"fontawesome-icon icon-agency-code-solid\" aria-hidden=\"true\" style=\"font-size:16px;\"><\/i>Technologie<\/h4><\/a><\/li><\/ul><\/div><div class=\"tab-pane fade fusion-clearfix\" role=\"tabpanel\" tabindex=\"0\" aria-labelledby=\"fusion-tab-technologie\" id=\"tab-8b313753b057a128a63\">Die Verfolgung der neuesten Technologie ist eine der Priorit\u00e4ten von Storagetech. Ihr F&amp;E-Team tr\u00e4gt ihre Forschungsprozessen im eigenen Haus und auch an lokalen Universit\u00e4ten bei. Ihre Produktionsanlage verwendet die neueste Technologie, um die Ber\u00fchrungen und Fehler von Menschen w\u00e4hrend des Prozesses zu minimieren. F\u00fcr die besten technischen Zeichnungen werden spezielle Computer- und Berechnungsprogramme verwendet.<\/div><div class=\"nav fusion-mobile-tab-nav\"><ul class=\"nav-tabs nav-justified\" role=\"tablist\"><li role=\"presentation\"><a class=\"tab-link\" data-toggle=\"tab\" role=\"tab\" aria-controls=\"tab-a4e93c68472bedc7a3c\" aria-selected=\"false\" tabindex=\"-1\" id=\"mobile-fusion-tab-beachtung\" href=\"#tab-a4e93c68472bedc7a3c\"><h4 class=\"fusion-tab-heading\"><i class=\"fontawesome-icon icon-agency-film-solid\" aria-hidden=\"true\" style=\"font-size:16px;\"><\/i>Beachtung<\/h4><\/a><\/li><\/ul><\/div><div class=\"tab-pane fade fusion-clearfix\" role=\"tabpanel\" tabindex=\"0\" aria-labelledby=\"fusion-tab-beachtung\" id=\"tab-a4e93c68472bedc7a3c\">\n<p><span style=\"font-weight: 400;\">Die Produktpalette von Storagetech erf\u00fcllt alle relevanten Industriestandards. Zu diesen Standards geh\u00f6ren ATEX, ISO 16850, PED und ASME U und ASME R. <\/span><\/p>\n<p>Storagetech&#8217;s Produktionsanlage ist nach ISO 9001, ISO 45001 und anderen internationalen Standards akkreditiert.<\/p>\n<\/div><\/div><\/div><\/div><\/div><\/div><\/div>\n<div class=\"fusion-fullwidth fullwidth-box fusion-builder-row-4 fusion-flex-container fusion-parallax-none nonhundred-percent-fullwidth non-hundred-percent-height-scrolling lazyload\" style=\"--awb-background-position:left top;--awb-border-sizes-top:0px;--awb-border-sizes-bottom:0px;--awb-border-sizes-left:0px;--awb-border-sizes-right:0px;--awb-border-radius-top-left:0px;--awb-border-radius-top-right:0px;--awb-border-radius-bottom-right:0px;--awb-border-radius-bottom-left:0px;--awb-padding-top:100px;--awb-padding-bottom:100px;--awb-background-image:linear-gradient(180deg, hsla(var(--awb-color4-h),var(--awb-color4-s),calc(var(--awb-color4-l) - 4%),calc(var(--awb-color4-a) - 10%)) 0%,hsla(var(--awb-color4-h),var(--awb-color4-s),calc(var(--awb-color4-l) - 4%),calc(var(--awb-color4-a) - 10%)) 100%);;--awb-background-size:cover;--awb-flex-wrap:wrap;\" data-bg=\"https:\/\/storagetech.de\/wp-content\/uploads\/2022\/11\/city-2.jpg\" data-bg-gradient=\"linear-gradient(180deg, hsla(var(--awb-color4-h),var(--awb-color4-s),calc(var(--awb-color4-l) - 4%),calc(var(--awb-color4-a) - 10%)) 0%,hsla(var(--awb-color4-h),var(--awb-color4-s),calc(var(--awb-color4-l) - 4%),calc(var(--awb-color4-a) - 10%)) 100%)\" ><div class=\"fusion-builder-row fusion-row fusion-flex-align-items-flex-start fusion-flex-content-wrap\" style=\"max-width:calc( 1170px + 0px );margin-left: calc(-0px \/ 2 );margin-right: calc(-0px \/ 2 );\"><div class=\"fusion-layout-column fusion_builder_column fusion-builder-column-7 fusion_builder_column_1_1 1_1 fusion-flex-column fusion-flex-align-self-flex-start fusion-column-no-min-height\" style=\"--awb-bg-blend:overlay;--awb-bg-size:cover;--awb-width-large:100%;--awb-margin-top-large:0px;--awb-spacing-right-large:0px;--awb-margin-bottom-large:0px;--awb-spacing-left-large:0px;--awb-width-medium:100%;--awb-spacing-right-medium:0px;--awb-spacing-left-medium:0px;--awb-width-small:100%;--awb-spacing-right-small:0px;--awb-spacing-left-small:0px;\"><div class=\"fusion-column-wrapper fusion-flex-justify-content-flex-start fusion-content-layout-column\"><\/div><\/div><div class=\"fusion-layout-column fusion_builder_column fusion-builder-column-8 fusion_builder_column_1_1 1_1 fusion-flex-column fusion-flex-align-self-flex-start fusion-column-no-min-height\" style=\"--awb-bg-blend:overlay;--awb-bg-size:cover;--awb-width-large:100%;--awb-margin-top-large:0px;--awb-spacing-right-large:0px;--awb-margin-bottom-large:0px;--awb-spacing-left-large:0px;--awb-width-medium:100%;--awb-spacing-right-medium:0px;--awb-spacing-left-medium:0px;--awb-width-small:100%;--awb-spacing-right-small:0px;--awb-spacing-left-small:0px;\"><div class=\"fusion-column-wrapper fusion-flex-justify-content-flex-start fusion-content-layout-column\"><div class=\"fusion-title title fusion-title-3 fusion-sep-none fusion-title-center fusion-title-text fusion-title-size-one\" style=\"--awb-text-color:var(--awb-color1);--awb-margin-bottom:16px;\"><h1 class=\"fusion-title-heading title-heading-center fusion-responsive-typography-calculated\" style=\"margin:0;text-transform:none;--fontSize:48;line-height:var(--awb-typography1-line-height);\"><span style=\"font-weight: 400;\">Wir Sind Hier F\u00fcr Die Beste L\u00f6sung!<\/span><\/h1><\/div><div class=\"fusion-text fusion-text-3\" style=\"--awb-content-alignment:center;--awb-font-size:18px;--awb-line-height:20px;--awb-text-color:var(--awb-color1);\"><p><span style=\"font-weight: 400;\">Bessere Produkte f\u00fcr Mensch und Umwelt<\/span><\/p>\n<\/div><div class=\"fusion-separator fusion-full-width-sep\" style=\"align-self: center;margin-left: auto;margin-right: auto;margin-top:9px;margin-bottom:9px;width:100%;\"><\/div><div style=\"text-align:center;\"><a class=\"fusion-button button-flat button-xlarge button-custom fusion-button-default button-1 fusion-button-default-span \" style=\"--button_accent_color:hsla(var(--awb-color1-h),var(--awb-color1-s),var(--awb-color1-l),calc( var(--awb-color1-a) - 40% ));--button_border_color:hsla(var(--awb-color1-h),var(--awb-color1-s),var(--awb-color1-l),calc( var(--awb-color1-a) - 40% ));--button_accent_hover_color:var(--awb-color1);--button_border_hover_color:var(--awb-color1);--button_border_width-top:1px;--button_border_width-right:1px;--button_border_width-bottom:1px;--button_border_width-left:1px;--button-border-radius-top-left:2px;--button-border-radius-top-right:2px;--button-border-radius-bottom-right:2px;--button-border-radius-bottom-left:2px;--button_gradient_top_color:rgba(255,255,255,0);--button_gradient_bottom_color:rgba(255,255,255,0);--button_gradient_top_color_hover:hsla(var(--awb-color1-h),var(--awb-color1-s),var(--awb-color1-l),calc( var(--awb-color1-a) - 91% )));--button_gradient_bottom_color_hover:hsla(var(--awb-color1-h),var(--awb-color1-s),var(--awb-color1-l),calc( var(--awb-color1-a) - 91% )));\" target=\"_blank\" rel=\"noopener noreferrer\" href=\"https:\/\/storagetech.de\/contact\/\"><span class=\"fusion-button-text\">Los geht's!<\/span><\/a><\/div><\/div><\/div><\/div><\/div>\n<\/p>\n","protected":false},"excerpt":{"rendered":"","protected":false},"author":1,"featured_media":0,"parent":9149,"menu_order":0,"comment_status":"closed","ping_status":"closed","template":"100-width.php","meta":{"footnotes":""},"class_list":["post-9101","page","type-page","status-publish","hentry"],"_links":{"self":[{"href":"https:\/\/storagetech.de\/de\/wp-json\/wp\/v2\/pages\/9101","targetHints":{"allow":["GET"]}}],"collection":[{"href":"https:\/\/storagetech.de\/de\/wp-json\/wp\/v2\/pages"}],"about":[{"href":"https:\/\/storagetech.de\/de\/wp-json\/wp\/v2\/types\/page"}],"author":[{"embeddable":true,"href":"https:\/\/storagetech.de\/de\/wp-json\/wp\/v2\/users\/1"}],"replies":[{"embeddable":true,"href":"https:\/\/storagetech.de\/de\/wp-json\/wp\/v2\/comments?post=9101"}],"version-history":[{"count":0,"href":"https:\/\/storagetech.de\/de\/wp-json\/wp\/v2\/pages\/9101\/revisions"}],"up":[{"embeddable":true,"href":"https:\/\/storagetech.de\/de\/wp-json\/wp\/v2\/pages\/9149"}],"wp:attachment":[{"href":"https:\/\/storagetech.de\/de\/wp-json\/wp\/v2\/media?parent=9101"}],"curies":[{"name":"wp","href":"https:\/\/api.w.org\/{rel}","templated":true}]}}