{"id":18164,"date":"2022-12-13T09:50:54","date_gmt":"2022-12-13T06:50:54","guid":{"rendered":"https:\/\/storagetech.de\/mineria\/"},"modified":"2025-01-14T10:31:03","modified_gmt":"2025-01-14T07:31:03","slug":"mineria","status":"publish","type":"page","link":"https:\/\/storagetech.de\/es\/industrias\/mineria\/","title":{"rendered":"Miner\u00eda"},"content":{"rendered":"<p><div class=\"fusion-fullwidth fullwidth-box fusion-builder-row-1 fusion-flex-container has-pattern-background has-mask-background nonhundred-percent-fullwidth non-hundred-percent-height-scrolling\" style=\"--link_hover_color: #3c95d0;--awb-border-radius-top-left:0px;--awb-border-radius-top-right:0px;--awb-border-radius-bottom-right:0px;--awb-border-radius-bottom-left:0px;--awb-flex-wrap:wrap;\" ><div class=\"fusion-builder-row fusion-row fusion-flex-align-items-center fusion-flex-content-wrap\" style=\"max-width:1216.8px;margin-left: calc(-4% \/ 2 );margin-right: calc(-4% \/ 2 );\"><div class=\"fusion-layout-column fusion_builder_column fusion-builder-column-0 fusion_builder_column_5_6 5_6 fusion-flex-column fusion-flex-align-self-center\" style=\"--awb-bg-size:cover;--awb-width-large:83.333333333333%;--awb-margin-top-large:20px;--awb-spacing-right-large:2.304%;--awb-margin-bottom-large:20px;--awb-spacing-left-large:2.304%;--awb-width-medium:100%;--awb-order-medium:0;--awb-spacing-right-medium:1.92%;--awb-spacing-left-medium:1.92%;--awb-width-small:100%;--awb-order-small:0;--awb-spacing-right-small:1.92%;--awb-spacing-left-small:1.92%;\"><div class=\"fusion-column-wrapper fusion-column-has-shadow fusion-flex-justify-content-center fusion-content-layout-column\"><div class=\"fusion-title title fusion-title-1 fusion-sep-none fusion-title-text fusion-title-size-two\" style=\"--awb-text-color:#e2e2e2;--awb-margin-bottom:0px;--awb-font-size:46px;\"><h2 class=\"fusion-title-heading title-heading-left fusion-responsive-typography-calculated\" style=\"font-family:&quot;Open Sans&quot;;font-style:normal;font-weight:400;margin:0;font-size:1em;letter-spacing:-0.015em;text-transform:none;--fontSize:46;line-height:0.65;\"><a href=\"https:\/\/storagetech.de\/industries\/\" class=\"awb-custom-text-color awb-custom-text-hover-color\" target=\"_self\">Industries<\/a><\/h2><\/div><\/div><\/div><div class=\"fusion-layout-column fusion_builder_column fusion-builder-column-1 fusion_builder_column_1_6 1_6 fusion-flex-column fusion-flex-align-self-center\" style=\"--awb-bg-size:cover;--awb-width-large:16.666666666667%;--awb-margin-top-large:20px;--awb-spacing-right-large:11.52%;--awb-margin-bottom-large:20px;--awb-spacing-left-large:11.52%;--awb-width-medium:100%;--awb-order-medium:0;--awb-spacing-right-medium:1.92%;--awb-spacing-left-medium:1.92%;--awb-width-small:100%;--awb-order-small:0;--awb-spacing-right-small:1.92%;--awb-spacing-left-small:1.92%;\"><div class=\"fusion-column-wrapper fusion-column-has-shadow fusion-flex-justify-content-center fusion-content-layout-column\"><div class=\"fusion-image-element \" style=\"--awb-margin-top:0px;--awb-margin-bottom:0px;--awb-caption-title-font-family:var(--h2_typography-font-family);--awb-caption-title-font-weight:var(--h2_typography-font-weight);--awb-caption-title-font-style:var(--h2_typography-font-style);--awb-caption-title-size:var(--h2_typography-font-size);--awb-caption-title-transform:var(--h2_typography-text-transform);--awb-caption-title-line-height:var(--h2_typography-line-height);--awb-caption-title-letter-spacing:var(--h2_typography-letter-spacing);\"><span class=\" fusion-imageframe imageframe-none imageframe-1 hover-type-none\"><img decoding=\"async\" src=\"data:image\/gif;base64,R0lGODlhAQABAAAAACH5BAEKAAEALAAAAAABAAEAAAICTAEAOw==\" data-orig-src=\"https:\/\/aager.de\/wp-content\/uploads\/2022\/07\/breadcum_logo-1.png\" class=\"lazyload img-responsive wp-image-18752\" alt=\"\" title=\"\"><\/span><\/div><\/div><\/div><div class=\"fusion-layout-column fusion_builder_column fusion-builder-column-2 fusion_builder_column_1_1 1_1 fusion-flex-column fusion-flex-align-self-flex-start\" style=\"--awb-bg-size:cover;--awb-width-large:100%;--awb-margin-top-large:0px;--awb-spacing-right-large:1.92%;--awb-margin-bottom-large:20px;--awb-spacing-left-large:1.92%;--awb-width-medium:100%;--awb-order-medium:0;--awb-spacing-right-medium:1.92%;--awb-spacing-left-medium:1.92%;--awb-width-small:100%;--awb-order-small:0;--awb-spacing-right-small:1.92%;--awb-spacing-left-small:1.92%;\"><div class=\"fusion-column-wrapper fusion-column-has-shadow fusion-flex-justify-content-flex-start fusion-content-layout-column\"><div class=\"fusion-separator fusion-full-width-sep\" style=\"align-self: center;margin-left: auto;margin-right: auto;width:100%;\"><div class=\"fusion-separator-border sep-single\" style=\"--awb-height:20px;--awb-amount:20px;--awb-sep-color:var(--awb-color3);border-color:var(--awb-color3);border-top-width:1px;\"><\/div><\/div><\/div><\/div><\/div><\/div>\n<div class=\"fusion-fullwidth fullwidth-box fusion-builder-row-2 fusion-flex-container has-pattern-background has-mask-background nonhundred-percent-fullwidth non-hundred-percent-height-scrolling\" style=\"--awb-background-position:left top;--awb-border-sizes-top:0px;--awb-border-sizes-bottom:0px;--awb-border-sizes-left:0px;--awb-border-sizes-right:0px;--awb-border-radius-top-left:0px;--awb-border-radius-top-right:0px;--awb-border-radius-bottom-right:0px;--awb-border-radius-bottom-left:0px;--awb-padding-top:50px;--awb-padding-bottom:30px;--awb-flex-wrap:wrap;\" ><div class=\"fusion-builder-row fusion-row fusion-flex-align-items-flex-start fusion-flex-content-wrap\" style=\"max-width:1216.8px;margin-left: calc(-4% \/ 2 );margin-right: calc(-4% \/ 2 );\"><div class=\"fusion-layout-column fusion_builder_column fusion-builder-column-3 fusion_builder_column_1_2 1_2 fusion-flex-column\" style=\"--awb-bg-blend:overlay;--awb-bg-size:cover;--awb-width-large:50%;--awb-margin-top-large:0px;--awb-spacing-right-large:3.84%;--awb-margin-bottom-large:20px;--awb-spacing-left-large:3.84%;--awb-width-medium:100%;--awb-spacing-right-medium:1.92%;--awb-spacing-left-medium:1.92%;--awb-width-small:100%;--awb-spacing-right-small:1.92%;--awb-spacing-left-small:1.92%;\"><div class=\"fusion-column-wrapper fusion-flex-justify-content-flex-start fusion-content-layout-column\"><div class=\"fusion-title title fusion-title-2 fusion-sep-none fusion-title-text fusion-title-size-two\" style=\"--awb-margin-bottom:50px;\"><h2 class=\"fusion-title-heading title-heading-left fusion-responsive-typography-calculated\" style=\"margin:0;text-transform:none;--fontSize:32;line-height:var(--awb-typography1-line-height);\">Miner\u00eda<\/h2><\/div><div class=\"fusion-separator\" style=\"align-self: flex-start;margin-right:auto;margin-top:0px;margin-bottom:40px;width:100%;max-width:170px;\"><div class=\"fusion-separator-border sep-single sep-solid\" style=\"--awb-height:20px;--awb-amount:20px;--awb-sep-color:var(--awb-color3);border-color:var(--awb-color3);border-top-width:3px;\"><\/div><\/div><div class=\"fusion-text fusion-text-1\"><p>La industria minera est\u00e1 en constante evoluci\u00f3n y enfrenta nuevos desaf\u00edos. En Storagetech, creemos que la clave del \u00e9xito en este sector es ser proactivos y encontrar soluciones innovadoras para estos retos. Nuestro equipo de I+D invierte tiempo y recursos significativos en el desarrollo de nuevas tecnolog\u00edas y m\u00e9todos de producci\u00f3n que ayuden a nuestros clientes a mantenerse a la vanguardia de la industria.<br \/>Uno de los principales desaf\u00edos que enfrenta el sector minero es la necesidad de reducir las emisiones de carbono. En Storagetech, estamos comprometidos con la transici\u00f3n hacia un futuro de bajas emisiones de carbono y trabajamos continuamente para encontrar nuevas formas de reducir el impacto ambiental de la miner\u00eda. Nuestros recipientes a presi\u00f3n personalizados y equipos auxiliares est\u00e1n dise\u00f1ados para apoyar la producci\u00f3n y el almacenamiento de hidr\u00f3geno bajo en carbono, que se est\u00e1 utilizando cada vez m\u00e1s como una fuente de energ\u00eda limpia en la industria minera.<\/p>\n<\/div><div class=\"fusion-separator\" style=\"align-self: flex-start;margin-right:auto;margin-top:0px;margin-bottom:30px;width:100%;max-width:170px;\"><\/div><\/div><\/div><div class=\"fusion-layout-column fusion_builder_column fusion-builder-column-4 fusion_builder_column_1_2 1_2 fusion-flex-column\" style=\"--awb-bg-blend:overlay;--awb-bg-size:cover;--awb-width-large:50%;--awb-margin-top-large:0px;--awb-spacing-right-large:3.84%;--awb-margin-bottom-large:20px;--awb-spacing-left-large:3.84%;--awb-width-medium:100%;--awb-spacing-right-medium:1.92%;--awb-spacing-left-medium:1.92%;--awb-width-small:100%;--awb-spacing-right-small:1.92%;--awb-spacing-left-small:1.92%;\"><div class=\"fusion-column-wrapper fusion-flex-justify-content-flex-start fusion-content-layout-column\"><div class=\"fusion-image-element \" style=\"--awb-caption-title-font-family:var(--h2_typography-font-family);--awb-caption-title-font-weight:var(--h2_typography-font-weight);--awb-caption-title-font-style:var(--h2_typography-font-style);--awb-caption-title-size:var(--h2_typography-font-size);--awb-caption-title-transform:var(--h2_typography-text-transform);--awb-caption-title-line-height:var(--h2_typography-line-height);--awb-caption-title-letter-spacing:var(--h2_typography-letter-spacing);\"><span class=\" fusion-imageframe imageframe-none imageframe-2 hover-type-zoomin fusion-animated\" data-animationType=\"fadeInDown\" data-animationDuration=\"1\" data-animationOffset=\"top-into-view\"><img decoding=\"async\" width=\"580\" height=\"580\" title=\"mining industry\" src=\"https:\/\/storagetech.de\/wp-content\/uploads\/2022\/12\/mining-industry-1.png\" data-orig-src=\"https:\/\/storagetech.de\/wp-content\/uploads\/2022\/12\/mining-industry-1.png\" class=\"lazyload img-responsive wp-image-18218\" srcset=\"data:image\/svg+xml,%3Csvg%20xmlns%3D%27http%3A%2F%2Fwww.w3.org%2F2000%2Fsvg%27%20width%3D%27580%27%20height%3D%27580%27%20viewBox%3D%270%200%20580%20580%27%3E%3Crect%20width%3D%27580%27%20height%3D%27580%27%20fill-opacity%3D%220%22%2F%3E%3C%2Fsvg%3E\" data-srcset=\"https:\/\/storagetech.de\/wp-content\/uploads\/2022\/12\/mining-industry-1-200x200.png 200w, https:\/\/storagetech.de\/wp-content\/uploads\/2022\/12\/mining-industry-1-400x400.png 400w, https:\/\/storagetech.de\/wp-content\/uploads\/2022\/12\/mining-industry-1.png 580w\" data-sizes=\"auto\" data-orig-sizes=\"(max-width: 800px) 100vw, (max-width: 640px) 100vw, 580px\" data-orig- alt=\"\"><\/span><\/div><div class=\"fusion-separator fusion-full-width-sep\" style=\"align-self: center;margin-left: auto;margin-right: auto;margin-top:40px;width:100%;\"><\/div><\/div><\/div><div class=\"fusion-layout-column fusion_builder_column fusion-builder-column-5 fusion_builder_column_1_1 1_1 fusion-flex-column\" style=\"--awb-bg-size:cover;--awb-width-large:100%;--awb-margin-top-large:0px;--awb-spacing-right-large:1.92%;--awb-margin-bottom-large:20px;--awb-spacing-left-large:1.92%;--awb-width-medium:100%;--awb-order-medium:0;--awb-spacing-right-medium:1.92%;--awb-spacing-left-medium:1.92%;--awb-width-small:100%;--awb-order-small:0;--awb-spacing-right-small:1.92%;--awb-spacing-left-small:1.92%;\"><div class=\"fusion-column-wrapper fusion-column-has-shadow fusion-flex-justify-content-flex-start fusion-content-layout-column\"><div class=\"fusion-text fusion-text-2\"><p>En Storagetech, estamos dedicados a ayudar a nuestros clientes en la industria minera a tener \u00e9xito, proporcion\u00e1ndoles las herramientas y la tecnolog\u00eda necesarias para prosperar en un mundo en constante cambio. Creemos que, trabajando juntos, podemos ayudar a la industria minera a avanzar hacia un futuro m\u00e1s sostenible.<br \/>Apoyamos a las principales empresas OEM de miner\u00eda con servicios de fabricaci\u00f3n y soporte de ingenier\u00eda. Algunos de los productos que fabricamos incluyen hornos rotatorios, Holo-Flite, c\u00e1maras de combusti\u00f3n, compuertas de regulaci\u00f3n, campanas de alimentaci\u00f3n, campanas de combusti\u00f3n, conductos de transferencia y ensamblajes de campanas de descarga de enfriadores.<\/p>\n<\/div><\/div><\/div><\/div><\/div><div class=\"fusion-fullwidth fullwidth-box fusion-builder-row-3 fusion-flex-container has-pattern-background has-mask-background nonhundred-percent-fullwidth non-hundred-percent-height-scrolling\" style=\"--awb-border-radius-top-left:0px;--awb-border-radius-top-right:0px;--awb-border-radius-bottom-right:0px;--awb-border-radius-bottom-left:0px;--awb-flex-wrap:wrap;\" ><div class=\"fusion-builder-row fusion-row fusion-flex-align-items-flex-start fusion-flex-content-wrap\" style=\"max-width:1216.8px;margin-left: calc(-4% \/ 2 );margin-right: calc(-4% \/ 2 );\"><div class=\"fusion-layout-column fusion_builder_column fusion-builder-column-6 fusion_builder_column_1_1 1_1 fusion-flex-column fusion-flex-align-self-flex-start fusion-column-no-min-height\" style=\"--awb-bg-blend:overlay;--awb-bg-size:cover;--awb-width-large:100%;--awb-margin-top-large:50px;--awb-spacing-right-large:1.92%;--awb-margin-bottom-large:0px;--awb-spacing-left-large:1.92%;--awb-width-medium:100%;--awb-order-medium:0;--awb-spacing-right-medium:1.92%;--awb-spacing-left-medium:1.92%;--awb-width-small:100%;--awb-order-small:0;--awb-spacing-right-small:1.92%;--awb-spacing-left-small:1.92%;\"><div class=\"fusion-column-wrapper fusion-column-has-shadow fusion-flex-justify-content-flex-start fusion-content-layout-column\"><div class=\"fusion-tabs fusion-tabs-1 classic nav-is-justified horizontal-tabs icon-position-left mobile-mode-accordion\" style=\"--awb-title-border-radius-top-left:0px;--awb-title-border-radius-top-right:0px;--awb-title-border-radius-bottom-right:0px;--awb-title-border-radius-bottom-left:0px;--awb-alignment:center;--awb-inactive-color:var(--awb-color2);--awb-background-color:var(--awb-color1);--awb-border-color:var(--awb-color3);--awb-active-border-color:var(--awb-color4);\"><div class=\"nav\"><ul class=\"nav-tabs nav-justified\" role=\"tablist\"><li class=\"active\" role=\"presentation\"><a class=\"tab-link\" data-toggle=\"tab\" role=\"tab\" aria-controls=\"tab-b195aeb088ef6b71e83\" aria-selected=\"true\" id=\"fusion-tab-solution\" href=\"#tab-b195aeb088ef6b71e83\"><h4 class=\"fusion-tab-heading\"><i class=\"fontawesome-icon icon-agency-laptop-solid\" aria-hidden=\"true\" style=\"font-size:16px;\"><\/i>Solution<\/h4><\/a><\/li><li role=\"presentation\"><a class=\"tab-link\" data-toggle=\"tab\" role=\"tab\" aria-controls=\"tab-816322e341e5818ff1d\" aria-selected=\"false\" tabindex=\"-1\" id=\"fusion-tab-expertise\" href=\"#tab-816322e341e5818ff1d\"><h4 class=\"fusion-tab-heading\"><i class=\"fontawesome-icon icon-agency-rocket-solid\" aria-hidden=\"true\" style=\"font-size:16px;\"><\/i>Expertise<\/h4><\/a><\/li><li role=\"presentation\"><a class=\"tab-link\" data-toggle=\"tab\" role=\"tab\" aria-controls=\"tab-f3b5d50a930d62cdcca\" aria-selected=\"false\" tabindex=\"-1\" id=\"fusion-tab-tecnolog\u00eda\" href=\"#tab-f3b5d50a930d62cdcca\"><h4 class=\"fusion-tab-heading\"><i class=\"fontawesome-icon icon-agency-code-solid\" aria-hidden=\"true\" style=\"font-size:16px;\"><\/i>Tecnolog\u00eda<\/h4><\/a><\/li><li role=\"presentation\"><a class=\"tab-link\" data-toggle=\"tab\" role=\"tab\" aria-controls=\"tab-26fe0e317d8cb3fc0e0\" aria-selected=\"false\" tabindex=\"-1\" id=\"fusion-tab-conformidad\" href=\"#tab-26fe0e317d8cb3fc0e0\"><h4 class=\"fusion-tab-heading\"><i class=\"fontawesome-icon icon-agency-film-solid\" aria-hidden=\"true\" style=\"font-size:16px;\"><\/i>Conformidad<\/h4><\/a><\/li><\/ul><\/div><div class=\"tab-content\"><div class=\"nav fusion-mobile-tab-nav\"><ul class=\"nav-tabs nav-justified\" role=\"tablist\"><li class=\"active\" role=\"presentation\"><a class=\"tab-link\" data-toggle=\"tab\" role=\"tab\" aria-controls=\"tab-b195aeb088ef6b71e83\" aria-selected=\"true\" id=\"mobile-fusion-tab-solution\" href=\"#tab-b195aeb088ef6b71e83\"><h4 class=\"fusion-tab-heading\"><i class=\"fontawesome-icon icon-agency-laptop-solid\" aria-hidden=\"true\" style=\"font-size:16px;\"><\/i>Solution<\/h4><\/a><\/li><\/ul><\/div><div class=\"tab-pane fade fusion-clearfix in active\" role=\"tabpanel\" tabindex=\"0\" aria-labelledby=\"fusion-tab-solution\" id=\"tab-b195aeb088ef6b71e83\">\n<p><span style=\"font-weight: 400;\">Storagetech ha desarrollado las mejores soluciones para cada sector. Las gamas de productos se integran con las necesidades sectoriales desde una perspectiva orientada al cliente. Su equipo desarrolla soluciones medioambientales para las personas y el propio sector. Los productos Storagetech ofrecen una soluci\u00f3n mejor y m\u00e1s segura para todo tipo de equipos de tanques de almacenamiento.    <\/span><\/p>\n<\/div><div class=\"nav fusion-mobile-tab-nav\"><ul class=\"nav-tabs nav-justified\" role=\"tablist\"><li role=\"presentation\"><a class=\"tab-link\" data-toggle=\"tab\" role=\"tab\" aria-controls=\"tab-816322e341e5818ff1d\" aria-selected=\"false\" tabindex=\"-1\" id=\"mobile-fusion-tab-expertise\" href=\"#tab-816322e341e5818ff1d\"><h4 class=\"fusion-tab-heading\"><i class=\"fontawesome-icon icon-agency-rocket-solid\" aria-hidden=\"true\" style=\"font-size:16px;\"><\/i>Expertise<\/h4><\/a><\/li><\/ul><\/div><div class=\"tab-pane fade fusion-clearfix\" role=\"tabpanel\" tabindex=\"0\" aria-labelledby=\"fusion-tab-expertise\" id=\"tab-816322e341e5818ff1d\">\n<p><span style=\"font-weight: 400;\">El equipo de ingenieros altamente cualificados de Storagetech trabaja en estrecha colaboraci\u00f3n con su equipo de I+D y sus clientes. Esta filosof\u00eda de trabajo en diferentes sectores es la clave de sus 40 a\u00f1os de experiencia. Su experiencia t\u00e9cnica y sus conocimientos t\u00e9cnicos se desarrollan con las \u00faltimas innovaciones para ofrecer siempre la mejor soluci\u00f3n.   <\/span><\/p>\n<\/div><div class=\"nav fusion-mobile-tab-nav\"><ul class=\"nav-tabs nav-justified\" role=\"tablist\"><li role=\"presentation\"><a class=\"tab-link\" data-toggle=\"tab\" role=\"tab\" aria-controls=\"tab-f3b5d50a930d62cdcca\" aria-selected=\"false\" tabindex=\"-1\" id=\"mobile-fusion-tab-tecnolog\u00eda\" href=\"#tab-f3b5d50a930d62cdcca\"><h4 class=\"fusion-tab-heading\"><i class=\"fontawesome-icon icon-agency-code-solid\" aria-hidden=\"true\" style=\"font-size:16px;\"><\/i>Tecnolog\u00eda<\/h4><\/a><\/li><\/ul><\/div><div class=\"tab-pane fade fusion-clearfix\" role=\"tabpanel\" tabindex=\"0\" aria-labelledby=\"fusion-tab-tecnolog\u00eda\" id=\"tab-f3b5d50a930d62cdcca\">En Storagetech, estar al d\u00eda de las \u00faltimas tecnolog\u00edas es una prioridad absoluta. Nuestro equipo interno de I+D investiga tanto internamente como en colaboraci\u00f3n con universidades locales. En nuestras instalaciones de fabricaci\u00f3n, utilizamos la tecnolog\u00eda m\u00e1s avanzada para minimizar los errores humanos y mejorar la eficacia durante el proceso de producci\u00f3n. Tambi\u00e9n utilizamos programas inform\u00e1ticos y de c\u00e1lculo especializados para crear los dibujos t\u00e9cnicos m\u00e1s precisos.<\/div><div class=\"nav fusion-mobile-tab-nav\"><ul class=\"nav-tabs nav-justified\" role=\"tablist\"><li role=\"presentation\"><a class=\"tab-link\" data-toggle=\"tab\" role=\"tab\" aria-controls=\"tab-26fe0e317d8cb3fc0e0\" aria-selected=\"false\" tabindex=\"-1\" id=\"mobile-fusion-tab-conformidad\" href=\"#tab-26fe0e317d8cb3fc0e0\"><h4 class=\"fusion-tab-heading\"><i class=\"fontawesome-icon icon-agency-film-solid\" aria-hidden=\"true\" style=\"font-size:16px;\"><\/i>Conformidad<\/h4><\/a><\/li><\/ul><\/div><div class=\"tab-pane fade fusion-clearfix\" role=\"tabpanel\" tabindex=\"0\" aria-labelledby=\"fusion-tab-conformidad\" id=\"tab-26fe0e317d8cb3fc0e0\">\n<p><span style=\"font-weight: 400;\">La gama de productos de Storagetech cumple todas las normas industriales pertinentes. Estas normas incluyen ATEX, ISO 16850, PED y ASME U y R.  <\/span><\/p>\n<p>Nuestras instalaciones de fabricaci\u00f3n est\u00e1n acreditadas conforme a las normas ISO 9001, ISO 45001 y otras normas internacionales.<\/p>\n<\/div><\/div><\/div><\/div><\/div><\/div><\/div>\n<div class=\"fusion-fullwidth fullwidth-box fusion-builder-row-4 fusion-flex-container fusion-parallax-none nonhundred-percent-fullwidth non-hundred-percent-height-scrolling lazyload\" style=\"--awb-background-position:left top;--awb-border-sizes-top:0px;--awb-border-sizes-bottom:0px;--awb-border-sizes-left:0px;--awb-border-sizes-right:0px;--awb-border-radius-top-left:0px;--awb-border-radius-top-right:0px;--awb-border-radius-bottom-right:0px;--awb-border-radius-bottom-left:0px;--awb-padding-top:100px;--awb-padding-bottom:100px;--awb-background-image:linear-gradient(180deg, hsla(var(--awb-color4-h),var(--awb-color4-s),calc(var(--awb-color4-l) - 4%),calc(var(--awb-color4-a) - 10%)) 0%,hsla(var(--awb-color4-h),var(--awb-color4-s),calc(var(--awb-color4-l) - 4%),calc(var(--awb-color4-a) - 10%)) 100%);;--awb-background-size:cover;--awb-flex-wrap:wrap;\" data-bg=\"https:\/\/storagetech.de\/wp-content\/uploads\/2022\/11\/city-2.jpg\" data-bg-gradient=\"linear-gradient(180deg, hsla(var(--awb-color4-h),var(--awb-color4-s),calc(var(--awb-color4-l) - 4%),calc(var(--awb-color4-a) - 10%)) 0%,hsla(var(--awb-color4-h),var(--awb-color4-s),calc(var(--awb-color4-l) - 4%),calc(var(--awb-color4-a) - 10%)) 100%)\" ><div class=\"fusion-builder-row fusion-row fusion-flex-align-items-flex-start fusion-flex-content-wrap\" style=\"max-width:calc( 1170px + 0px );margin-left: calc(-0px \/ 2 );margin-right: calc(-0px \/ 2 );\"><div class=\"fusion-layout-column fusion_builder_column fusion-builder-column-7 fusion_builder_column_1_1 1_1 fusion-flex-column fusion-flex-align-self-flex-start fusion-column-no-min-height\" style=\"--awb-bg-blend:overlay;--awb-bg-size:cover;--awb-width-large:100%;--awb-margin-top-large:0px;--awb-spacing-right-large:0px;--awb-margin-bottom-large:0px;--awb-spacing-left-large:0px;--awb-width-medium:100%;--awb-spacing-right-medium:0px;--awb-spacing-left-medium:0px;--awb-width-small:100%;--awb-spacing-right-small:0px;--awb-spacing-left-small:0px;\"><div class=\"fusion-column-wrapper fusion-flex-justify-content-flex-start fusion-content-layout-column\"><\/div><\/div><div class=\"fusion-layout-column fusion_builder_column fusion-builder-column-8 fusion_builder_column_1_1 1_1 fusion-flex-column fusion-flex-align-self-flex-start fusion-column-no-min-height\" style=\"--awb-bg-blend:overlay;--awb-bg-size:cover;--awb-width-large:100%;--awb-margin-top-large:0px;--awb-spacing-right-large:0px;--awb-margin-bottom-large:0px;--awb-spacing-left-large:0px;--awb-width-medium:100%;--awb-spacing-right-medium:0px;--awb-spacing-left-medium:0px;--awb-width-small:100%;--awb-spacing-right-small:0px;--awb-spacing-left-small:0px;\"><div class=\"fusion-column-wrapper fusion-flex-justify-content-flex-start fusion-content-layout-column\"><div class=\"fusion-title title fusion-title-3 fusion-sep-none fusion-title-center fusion-title-text fusion-title-size-one\" style=\"--awb-text-color:var(--awb-color1);--awb-margin-bottom:16px;\"><h1 class=\"fusion-title-heading title-heading-center fusion-responsive-typography-calculated\" style=\"margin:0;text-transform:none;--fontSize:48;line-height:var(--awb-typography1-line-height);\"><span style=\"font-weight: 400;\">Estamos Aqu\u00ed Para La Mejor Soluci\u00f3n<\/span><\/h1><\/div><div class=\"fusion-text fusion-text-3\" style=\"--awb-content-alignment:center;--awb-font-size:18px;--awb-line-height:20px;--awb-text-color:var(--awb-color1);\"><p><span style=\"font-weight: 400;\">Mejores productos para las personas y el medio ambiente<\/span><\/p>\n<\/div><div class=\"fusion-separator fusion-full-width-sep\" style=\"align-self: center;margin-left: auto;margin-right: auto;margin-top:9px;margin-bottom:9px;width:100%;\"><\/div><div style=\"text-align:center;\"><a class=\"fusion-button button-flat button-xlarge button-custom fusion-button-default button-1 fusion-button-default-span \" style=\"--button_accent_color:hsla(var(--awb-color1-h),var(--awb-color1-s),var(--awb-color1-l),calc( var(--awb-color1-a) - 40% ));--button_border_color:hsla(var(--awb-color1-h),var(--awb-color1-s),var(--awb-color1-l),calc( var(--awb-color1-a) - 40% ));--button_accent_hover_color:var(--awb-color1);--button_border_hover_color:var(--awb-color1);--button_border_width-top:1px;--button_border_width-right:1px;--button_border_width-bottom:1px;--button_border_width-left:1px;--button-border-radius-top-left:2px;--button-border-radius-top-right:2px;--button-border-radius-bottom-right:2px;--button-border-radius-bottom-left:2px;--button_gradient_top_color:rgba(255,255,255,0);--button_gradient_bottom_color:rgba(255,255,255,0);--button_gradient_top_color_hover:hsla(var(--awb-color1-h),var(--awb-color1-s),var(--awb-color1-l),calc( var(--awb-color1-a) - 91% )));--button_gradient_bottom_color_hover:hsla(var(--awb-color1-h),var(--awb-color1-s),var(--awb-color1-l),calc( var(--awb-color1-a) - 91% )));\" target=\"_blank\" rel=\"noopener noreferrer\" href=\"https:\/\/storagetech.de\/contact\/\"><span class=\"fusion-button-text\">Empecemos<\/span><\/a><\/div><\/div><\/div><\/div><\/div>\n<\/p>\n","protected":false},"excerpt":{"rendered":"","protected":false},"author":1,"featured_media":0,"parent":18207,"menu_order":0,"comment_status":"closed","ping_status":"closed","template":"100-width.php","meta":{"footnotes":""},"class_list":["post-18164","page","type-page","status-publish","hentry"],"_links":{"self":[{"href":"https:\/\/storagetech.de\/es\/wp-json\/wp\/v2\/pages\/18164","targetHints":{"allow":["GET"]}}],"collection":[{"href":"https:\/\/storagetech.de\/es\/wp-json\/wp\/v2\/pages"}],"about":[{"href":"https:\/\/storagetech.de\/es\/wp-json\/wp\/v2\/types\/page"}],"author":[{"embeddable":true,"href":"https:\/\/storagetech.de\/es\/wp-json\/wp\/v2\/users\/1"}],"replies":[{"embeddable":true,"href":"https:\/\/storagetech.de\/es\/wp-json\/wp\/v2\/comments?post=18164"}],"version-history":[{"count":0,"href":"https:\/\/storagetech.de\/es\/wp-json\/wp\/v2\/pages\/18164\/revisions"}],"up":[{"embeddable":true,"href":"https:\/\/storagetech.de\/es\/wp-json\/wp\/v2\/pages\/18207"}],"wp:attachment":[{"href":"https:\/\/storagetech.de\/es\/wp-json\/wp\/v2\/media?parent=18164"}],"curies":[{"name":"wp","href":"https:\/\/api.w.org\/{rel}","templated":true}]}}