{"id":18198,"date":"2022-11-22T09:21:36","date_gmt":"2022-11-22T06:21:36","guid":{"rendered":"https:\/\/storagetech.de\/biogas\/"},"modified":"2025-01-14T10:30:58","modified_gmt":"2025-01-14T07:30:58","slug":"biogas","status":"publish","type":"page","link":"https:\/\/storagetech.de\/es\/industrias\/biogas\/","title":{"rendered":"Biog\u00e1s"},"content":{"rendered":"<p><div class=\"fusion-fullwidth fullwidth-box fusion-builder-row-1 fusion-flex-container has-pattern-background has-mask-background nonhundred-percent-fullwidth non-hundred-percent-height-scrolling\" style=\"--link_hover_color: #3c95d0;--awb-border-radius-top-left:0px;--awb-border-radius-top-right:0px;--awb-border-radius-bottom-right:0px;--awb-border-radius-bottom-left:0px;--awb-flex-wrap:wrap;\" ><div class=\"fusion-builder-row fusion-row fusion-flex-align-items-center fusion-flex-content-wrap\" style=\"max-width:1216.8px;margin-left: calc(-4% \/ 2 );margin-right: calc(-4% \/ 2 );\"><div class=\"fusion-layout-column fusion_builder_column fusion-builder-column-0 fusion_builder_column_5_6 5_6 fusion-flex-column fusion-flex-align-self-center\" style=\"--awb-bg-size:cover;--awb-width-large:83.333333333333%;--awb-margin-top-large:20px;--awb-spacing-right-large:2.304%;--awb-margin-bottom-large:20px;--awb-spacing-left-large:2.304%;--awb-width-medium:100%;--awb-order-medium:0;--awb-spacing-right-medium:1.92%;--awb-spacing-left-medium:1.92%;--awb-width-small:100%;--awb-order-small:0;--awb-spacing-right-small:1.92%;--awb-spacing-left-small:1.92%;\"><div class=\"fusion-column-wrapper fusion-column-has-shadow fusion-flex-justify-content-center fusion-content-layout-column\"><div class=\"fusion-title title fusion-title-1 fusion-sep-none fusion-title-text fusion-title-size-two\" style=\"--awb-text-color:#e2e2e2;--awb-margin-bottom:0px;--awb-font-size:46px;\"><h2 class=\"fusion-title-heading title-heading-left fusion-responsive-typography-calculated\" style=\"font-family:&quot;Open Sans&quot;;font-style:normal;font-weight:400;margin:0;font-size:1em;letter-spacing:-0.015em;text-transform:none;--fontSize:46;line-height:0.65;\"><a href=\"https:\/\/storagetech.de\/industries\/\" class=\"awb-custom-text-color awb-custom-text-hover-color\" target=\"_self\">Industries<\/a><\/h2><\/div><\/div><\/div><div class=\"fusion-layout-column fusion_builder_column fusion-builder-column-1 fusion_builder_column_1_6 1_6 fusion-flex-column fusion-flex-align-self-center\" style=\"--awb-bg-size:cover;--awb-width-large:16.666666666667%;--awb-margin-top-large:20px;--awb-spacing-right-large:11.52%;--awb-margin-bottom-large:20px;--awb-spacing-left-large:11.52%;--awb-width-medium:100%;--awb-order-medium:0;--awb-spacing-right-medium:1.92%;--awb-spacing-left-medium:1.92%;--awb-width-small:100%;--awb-order-small:0;--awb-spacing-right-small:1.92%;--awb-spacing-left-small:1.92%;\"><div class=\"fusion-column-wrapper fusion-column-has-shadow fusion-flex-justify-content-center fusion-content-layout-column\"><div class=\"fusion-image-element \" style=\"--awb-margin-top:0px;--awb-margin-bottom:0px;--awb-caption-title-font-family:var(--h2_typography-font-family);--awb-caption-title-font-weight:var(--h2_typography-font-weight);--awb-caption-title-font-style:var(--h2_typography-font-style);--awb-caption-title-size:var(--h2_typography-font-size);--awb-caption-title-transform:var(--h2_typography-text-transform);--awb-caption-title-line-height:var(--h2_typography-line-height);--awb-caption-title-letter-spacing:var(--h2_typography-letter-spacing);\"><span class=\" fusion-imageframe imageframe-none imageframe-1 hover-type-none\"><img decoding=\"async\" src=\"data:image\/gif;base64,R0lGODlhAQABAAAAACH5BAEKAAEALAAAAAABAAEAAAICTAEAOw==\" data-orig-src=\"https:\/\/aager.de\/wp-content\/uploads\/2022\/07\/breadcum_logo-1.png\" class=\"lazyload img-responsive wp-image-18752\" alt=\"\" title=\"\"><\/span><\/div><\/div><\/div><div class=\"fusion-layout-column fusion_builder_column fusion-builder-column-2 fusion_builder_column_1_1 1_1 fusion-flex-column fusion-flex-align-self-flex-start\" style=\"--awb-bg-size:cover;--awb-width-large:100%;--awb-margin-top-large:0px;--awb-spacing-right-large:1.92%;--awb-margin-bottom-large:20px;--awb-spacing-left-large:1.92%;--awb-width-medium:100%;--awb-order-medium:0;--awb-spacing-right-medium:1.92%;--awb-spacing-left-medium:1.92%;--awb-width-small:100%;--awb-order-small:0;--awb-spacing-right-small:1.92%;--awb-spacing-left-small:1.92%;\"><div class=\"fusion-column-wrapper fusion-column-has-shadow fusion-flex-justify-content-flex-start fusion-content-layout-column\"><div class=\"fusion-separator fusion-full-width-sep\" style=\"align-self: center;margin-left: auto;margin-right: auto;width:100%;\"><div class=\"fusion-separator-border sep-single\" style=\"--awb-height:20px;--awb-amount:20px;--awb-sep-color:var(--awb-color3);border-color:var(--awb-color3);border-top-width:1px;\"><\/div><\/div><\/div><\/div><\/div><\/div>\n<div class=\"fusion-fullwidth fullwidth-box fusion-builder-row-2 fusion-flex-container has-pattern-background has-mask-background nonhundred-percent-fullwidth non-hundred-percent-height-scrolling\" style=\"--awb-background-position:left top;--awb-border-sizes-top:0px;--awb-border-sizes-bottom:0px;--awb-border-sizes-left:0px;--awb-border-sizes-right:0px;--awb-border-radius-top-left:0px;--awb-border-radius-top-right:0px;--awb-border-radius-bottom-right:0px;--awb-border-radius-bottom-left:0px;--awb-padding-top:50px;--awb-padding-bottom:30px;--awb-flex-wrap:wrap;\" ><div class=\"fusion-builder-row fusion-row fusion-flex-align-items-flex-start fusion-flex-content-wrap\" style=\"max-width:1216.8px;margin-left: calc(-4% \/ 2 );margin-right: calc(-4% \/ 2 );\"><div class=\"fusion-layout-column fusion_builder_column fusion-builder-column-3 fusion_builder_column_1_2 1_2 fusion-flex-column\" style=\"--awb-bg-blend:overlay;--awb-bg-size:cover;--awb-width-large:50%;--awb-margin-top-large:0px;--awb-spacing-right-large:3.84%;--awb-margin-bottom-large:20px;--awb-spacing-left-large:3.84%;--awb-width-medium:100%;--awb-spacing-right-medium:1.92%;--awb-spacing-left-medium:1.92%;--awb-width-small:100%;--awb-spacing-right-small:1.92%;--awb-spacing-left-small:1.92%;\"><div class=\"fusion-column-wrapper fusion-flex-justify-content-flex-start fusion-content-layout-column\"><div class=\"fusion-title title fusion-title-2 fusion-sep-none fusion-title-text fusion-title-size-two\" style=\"--awb-margin-bottom:50px;\"><h2 class=\"fusion-title-heading title-heading-left fusion-responsive-typography-calculated\" style=\"margin:0;text-transform:none;--fontSize:32;line-height:var(--awb-typography1-line-height);\">Biog\u00e1s<\/h2><\/div><div class=\"fusion-separator\" style=\"align-self: flex-start;margin-right:auto;margin-top:0px;margin-bottom:40px;width:100%;max-width:170px;\"><div class=\"fusion-separator-border sep-single sep-solid\" style=\"--awb-height:20px;--awb-amount:20px;--awb-sep-color:var(--awb-color3);border-color:var(--awb-color3);border-top-width:3px;\"><\/div><\/div><div class=\"fusion-text fusion-text-1\"><p>Storagetech siempre apoya la transici\u00f3n energ\u00e9tica sostenible de los combustibles f\u00f3siles de alto \u00edndice de emisiones a las energ\u00edas renovables y destina una cantidad considerable del presupuesto de I+D a productos y servicios relacionados con las renovables. El biog\u00e1s es uno de los principales sectores renovables en los que nos centramos. El biog\u00e1s se produce cuando la mayor parte de la materia org\u00e1nica no deseada, como alimentos o residuos animales, es descompuesta por microorganismos en ausencia de ox\u00edgeno, en un proceso denominado digesti\u00f3n anaer\u00f3bica.<\/p>\n<\/div><div class=\"fusion-separator\" style=\"align-self: flex-start;margin-right:auto;margin-top:0px;margin-bottom:30px;width:100%;max-width:170px;\"><\/div><\/div><\/div><div class=\"fusion-layout-column fusion_builder_column fusion-builder-column-4 fusion_builder_column_1_2 1_2 fusion-flex-column\" style=\"--awb-bg-blend:overlay;--awb-bg-size:cover;--awb-width-large:50%;--awb-margin-top-large:0px;--awb-spacing-right-large:3.84%;--awb-margin-bottom-large:20px;--awb-spacing-left-large:3.84%;--awb-width-medium:100%;--awb-spacing-right-medium:1.92%;--awb-spacing-left-medium:1.92%;--awb-width-small:100%;--awb-spacing-right-small:1.92%;--awb-spacing-left-small:1.92%;\"><div class=\"fusion-column-wrapper fusion-flex-justify-content-flex-start fusion-content-layout-column\"><div class=\"fusion-image-element \" style=\"--awb-caption-title-font-family:var(--h2_typography-font-family);--awb-caption-title-font-weight:var(--h2_typography-font-weight);--awb-caption-title-font-style:var(--h2_typography-font-style);--awb-caption-title-size:var(--h2_typography-font-size);--awb-caption-title-transform:var(--h2_typography-text-transform);--awb-caption-title-line-height:var(--h2_typography-line-height);--awb-caption-title-letter-spacing:var(--h2_typography-letter-spacing);\"><span class=\" fusion-imageframe imageframe-none imageframe-2 hover-type-zoomin fusion-animated\" data-animationType=\"fadeInDown\" data-animationDuration=\"1\" data-animationOffset=\"top-into-view\"><img decoding=\"async\" width=\"800\" height=\"541\" title=\"biogas industry\" src=\"https:\/\/storagetech.de\/wp-content\/uploads\/2022\/12\/biogas-industry.png\" data-orig-src=\"https:\/\/storagetech.de\/wp-content\/uploads\/2022\/12\/biogas-industry.png\" class=\"lazyload img-responsive wp-image-18200\" srcset=\"data:image\/svg+xml,%3Csvg%20xmlns%3D%27http%3A%2F%2Fwww.w3.org%2F2000%2Fsvg%27%20width%3D%27800%27%20height%3D%27541%27%20viewBox%3D%270%200%20800%20541%27%3E%3Crect%20width%3D%27800%27%20height%3D%27541%27%20fill-opacity%3D%220%22%2F%3E%3C%2Fsvg%3E\" data-srcset=\"https:\/\/storagetech.de\/wp-content\/uploads\/2022\/12\/biogas-industry-200x135.png 200w, https:\/\/storagetech.de\/wp-content\/uploads\/2022\/12\/biogas-industry-400x271.png 400w, https:\/\/storagetech.de\/wp-content\/uploads\/2022\/12\/biogas-industry-600x406.png 600w, https:\/\/storagetech.de\/wp-content\/uploads\/2022\/12\/biogas-industry.png 800w\" data-sizes=\"auto\" data-orig-sizes=\"(max-width: 800px) 100vw, (max-width: 640px) 100vw, 600px\" data-orig- alt=\"\"><\/span><\/div><div class=\"fusion-separator fusion-full-width-sep\" style=\"align-self: center;margin-left: auto;margin-right: auto;margin-top:40px;width:100%;\"><\/div><\/div><\/div><div class=\"fusion-layout-column fusion_builder_column fusion-builder-column-5 fusion_builder_column_1_2 1_2 fusion-flex-column\" style=\"--awb-bg-size:cover;--awb-width-large:50%;--awb-margin-top-large:0px;--awb-spacing-right-large:3.84%;--awb-margin-bottom-large:20px;--awb-spacing-left-large:3.84%;--awb-width-medium:100%;--awb-order-medium:0;--awb-spacing-right-medium:1.92%;--awb-spacing-left-medium:1.92%;--awb-width-small:100%;--awb-order-small:0;--awb-spacing-right-small:1.92%;--awb-spacing-left-small:1.92%;\"><div class=\"fusion-column-wrapper fusion-column-has-shadow fusion-flex-justify-content-flex-start fusion-content-layout-column\"><div class=\"fusion-text fusion-text-2\"><p><strong>Proporcionamos equipos de seguridad para digestores de biog\u00e1s, tales como<\/strong><\/p>\n<ul>\n<li>V\u00e1lvula de alivio de presi\u00f3n de vac\u00edo,<\/li>\n<li>Apagallamas,<\/li>\n<li>V\u00e1lvulas de alivio de emergencia,<\/li>\n<li>Trampillas y tapas de registro,<\/li>\n<li>Indicadores mec\u00e1nicos de nivel<\/li>\n<li>V\u00e1lvulas selectoras de seguridad<\/li>\n<li>Unidades de control de olores y secadoras<\/li>\n<\/ul>\n<\/div><\/div><\/div><div class=\"fusion-layout-column fusion_builder_column fusion-builder-column-6 fusion_builder_column_1_2 1_2 fusion-flex-column\" style=\"--awb-bg-size:cover;--awb-width-large:50%;--awb-margin-top-large:0px;--awb-spacing-right-large:3.84%;--awb-margin-bottom-large:20px;--awb-spacing-left-large:3.84%;--awb-width-medium:100%;--awb-order-medium:0;--awb-spacing-right-medium:1.92%;--awb-spacing-left-medium:1.92%;--awb-width-small:100%;--awb-order-small:0;--awb-spacing-right-small:1.92%;--awb-spacing-left-small:1.92%;\"><div class=\"fusion-column-wrapper fusion-column-has-shadow fusion-flex-justify-content-flex-start fusion-content-layout-column\"><div class=\"fusion-text fusion-text-3\"><p>El biog\u00e1s es una mezcla de gases, compuesta principalmente por metano, di\u00f3xido de carbono y sulfuro de hidr\u00f3geno, que se produce a partir de materias primas. En particular, el metano es un gas nocivo que debe almacenarse y tratarse con cuidado. Gracias a nuestros 40 a\u00f1os de experiencia en el sector, hemos realizado m\u00e1s de 100 proyectos de equipos de cubierta de digestores de biog\u00e1s. Contamos con una amplia experiencia en normas internacionales, como ISO 20675:2018, Manual de Pr\u00e1cticas de la Federaci\u00f3n de Medio Ambiente del Agua (MOP), ASME &#8230;etc.<\/p>\n<\/div><\/div><\/div><\/div><\/div><div class=\"fusion-fullwidth fullwidth-box fusion-builder-row-3 fusion-flex-container has-pattern-background has-mask-background nonhundred-percent-fullwidth non-hundred-percent-height-scrolling\" style=\"--awb-border-radius-top-left:0px;--awb-border-radius-top-right:0px;--awb-border-radius-bottom-right:0px;--awb-border-radius-bottom-left:0px;--awb-flex-wrap:wrap;\" ><div class=\"fusion-builder-row fusion-row fusion-flex-align-items-flex-start fusion-flex-content-wrap\" style=\"max-width:1216.8px;margin-left: calc(-4% \/ 2 );margin-right: calc(-4% \/ 2 );\"><div class=\"fusion-layout-column fusion_builder_column fusion-builder-column-7 fusion_builder_column_1_1 1_1 fusion-flex-column fusion-flex-align-self-flex-start fusion-column-no-min-height\" style=\"--awb-bg-blend:overlay;--awb-bg-size:cover;--awb-width-large:100%;--awb-margin-top-large:50px;--awb-spacing-right-large:1.92%;--awb-margin-bottom-large:0px;--awb-spacing-left-large:1.92%;--awb-width-medium:100%;--awb-order-medium:0;--awb-spacing-right-medium:1.92%;--awb-spacing-left-medium:1.92%;--awb-width-small:100%;--awb-order-small:0;--awb-spacing-right-small:1.92%;--awb-spacing-left-small:1.92%;\"><div class=\"fusion-column-wrapper fusion-column-has-shadow fusion-flex-justify-content-flex-start fusion-content-layout-column\"><div class=\"fusion-tabs fusion-tabs-1 classic nav-is-justified horizontal-tabs icon-position-left mobile-mode-accordion\" style=\"--awb-title-border-radius-top-left:0px;--awb-title-border-radius-top-right:0px;--awb-title-border-radius-bottom-right:0px;--awb-title-border-radius-bottom-left:0px;--awb-alignment:center;--awb-inactive-color:var(--awb-color2);--awb-background-color:var(--awb-color1);--awb-border-color:var(--awb-color3);--awb-active-border-color:var(--awb-color4);\"><div class=\"nav\"><ul class=\"nav-tabs nav-justified\" role=\"tablist\"><li class=\"active\" role=\"presentation\"><a class=\"tab-link\" data-toggle=\"tab\" role=\"tab\" aria-controls=\"tab-0922141bee6c9b87d32\" aria-selected=\"true\" id=\"fusion-tab-solution\" href=\"#tab-0922141bee6c9b87d32\"><h4 class=\"fusion-tab-heading\"><i class=\"fontawesome-icon icon-agency-laptop-solid\" aria-hidden=\"true\" style=\"font-size:16px;\"><\/i>Solution<\/h4><\/a><\/li><li role=\"presentation\"><a class=\"tab-link\" data-toggle=\"tab\" role=\"tab\" aria-controls=\"tab-40d08532f7589e5c456\" aria-selected=\"false\" tabindex=\"-1\" id=\"fusion-tab-expertise\" href=\"#tab-40d08532f7589e5c456\"><h4 class=\"fusion-tab-heading\"><i class=\"fontawesome-icon icon-agency-rocket-solid\" aria-hidden=\"true\" style=\"font-size:16px;\"><\/i>Expertise<\/h4><\/a><\/li><li role=\"presentation\"><a class=\"tab-link\" data-toggle=\"tab\" role=\"tab\" aria-controls=\"tab-5ddf1f617b372fa3d63\" aria-selected=\"false\" tabindex=\"-1\" id=\"fusion-tab-tecnolog\u00eda\" href=\"#tab-5ddf1f617b372fa3d63\"><h4 class=\"fusion-tab-heading\"><i class=\"fontawesome-icon icon-agency-code-solid\" aria-hidden=\"true\" style=\"font-size:16px;\"><\/i>Tecnolog\u00eda<\/h4><\/a><\/li><li role=\"presentation\"><a class=\"tab-link\" data-toggle=\"tab\" role=\"tab\" aria-controls=\"tab-21910a999677769343a\" aria-selected=\"false\" tabindex=\"-1\" id=\"fusion-tab-conformidad\" href=\"#tab-21910a999677769343a\"><h4 class=\"fusion-tab-heading\"><i class=\"fontawesome-icon icon-agency-film-solid\" aria-hidden=\"true\" style=\"font-size:16px;\"><\/i>Conformidad<\/h4><\/a><\/li><\/ul><\/div><div class=\"tab-content\"><div class=\"nav fusion-mobile-tab-nav\"><ul class=\"nav-tabs nav-justified\" role=\"tablist\"><li class=\"active\" role=\"presentation\"><a class=\"tab-link\" data-toggle=\"tab\" role=\"tab\" aria-controls=\"tab-0922141bee6c9b87d32\" aria-selected=\"true\" id=\"mobile-fusion-tab-solution\" href=\"#tab-0922141bee6c9b87d32\"><h4 class=\"fusion-tab-heading\"><i class=\"fontawesome-icon icon-agency-laptop-solid\" aria-hidden=\"true\" style=\"font-size:16px;\"><\/i>Solution<\/h4><\/a><\/li><\/ul><\/div><div class=\"tab-pane fade fusion-clearfix in active\" role=\"tabpanel\" tabindex=\"0\" aria-labelledby=\"fusion-tab-solution\" id=\"tab-0922141bee6c9b87d32\">\n<p><span style=\"font-weight: 400;\">Storagetech ha desarrollado las mejores soluciones para cada sector. Las gamas de productos se integran con las necesidades sectoriales desde una perspectiva orientada al cliente. Su equipo desarrolla soluciones medioambientales para las personas y el propio sector. Los productos Storagetech ofrecen una soluci\u00f3n mejor y m\u00e1s segura para todo tipo de equipos de tanques de almacenamiento.    <\/span><\/p>\n<\/div><div class=\"nav fusion-mobile-tab-nav\"><ul class=\"nav-tabs nav-justified\" role=\"tablist\"><li role=\"presentation\"><a class=\"tab-link\" data-toggle=\"tab\" role=\"tab\" aria-controls=\"tab-40d08532f7589e5c456\" aria-selected=\"false\" tabindex=\"-1\" id=\"mobile-fusion-tab-expertise\" href=\"#tab-40d08532f7589e5c456\"><h4 class=\"fusion-tab-heading\"><i class=\"fontawesome-icon icon-agency-rocket-solid\" aria-hidden=\"true\" style=\"font-size:16px;\"><\/i>Expertise<\/h4><\/a><\/li><\/ul><\/div><div class=\"tab-pane fade fusion-clearfix\" role=\"tabpanel\" tabindex=\"0\" aria-labelledby=\"fusion-tab-expertise\" id=\"tab-40d08532f7589e5c456\">\n<p><span style=\"font-weight: 400;\">El equipo de ingenieros altamente cualificados de Storagetech trabaja en estrecha colaboraci\u00f3n con su equipo de I+D y sus clientes. Esta filosof\u00eda de trabajo en diferentes sectores es la clave de sus 40 a\u00f1os de experiencia. Su experiencia t\u00e9cnica y sus conocimientos t\u00e9cnicos se desarrollan con las \u00faltimas innovaciones para ofrecer siempre la mejor soluci\u00f3n.   <\/span><\/p>\n<\/div><div class=\"nav fusion-mobile-tab-nav\"><ul class=\"nav-tabs nav-justified\" role=\"tablist\"><li role=\"presentation\"><a class=\"tab-link\" data-toggle=\"tab\" role=\"tab\" aria-controls=\"tab-5ddf1f617b372fa3d63\" aria-selected=\"false\" tabindex=\"-1\" id=\"mobile-fusion-tab-tecnolog\u00eda\" href=\"#tab-5ddf1f617b372fa3d63\"><h4 class=\"fusion-tab-heading\"><i class=\"fontawesome-icon icon-agency-code-solid\" aria-hidden=\"true\" style=\"font-size:16px;\"><\/i>Tecnolog\u00eda<\/h4><\/a><\/li><\/ul><\/div><div class=\"tab-pane fade fusion-clearfix\" role=\"tabpanel\" tabindex=\"0\" aria-labelledby=\"fusion-tab-tecnolog\u00eda\" id=\"tab-5ddf1f617b372fa3d63\">En Storagetech, estar al d\u00eda de las \u00faltimas tecnolog\u00edas es una prioridad absoluta. Nuestro equipo interno de I+D investiga tanto internamente como en colaboraci\u00f3n con universidades locales. En nuestras instalaciones de fabricaci\u00f3n, utilizamos la tecnolog\u00eda m\u00e1s avanzada para minimizar los errores humanos y mejorar la eficacia durante el proceso de producci\u00f3n. Tambi\u00e9n utilizamos programas inform\u00e1ticos y de c\u00e1lculo especializados para crear los dibujos t\u00e9cnicos m\u00e1s precisos.<\/div><div class=\"nav fusion-mobile-tab-nav\"><ul class=\"nav-tabs nav-justified\" role=\"tablist\"><li role=\"presentation\"><a class=\"tab-link\" data-toggle=\"tab\" role=\"tab\" aria-controls=\"tab-21910a999677769343a\" aria-selected=\"false\" tabindex=\"-1\" id=\"mobile-fusion-tab-conformidad\" href=\"#tab-21910a999677769343a\"><h4 class=\"fusion-tab-heading\"><i class=\"fontawesome-icon icon-agency-film-solid\" aria-hidden=\"true\" style=\"font-size:16px;\"><\/i>Conformidad<\/h4><\/a><\/li><\/ul><\/div><div class=\"tab-pane fade fusion-clearfix\" role=\"tabpanel\" tabindex=\"0\" aria-labelledby=\"fusion-tab-conformidad\" id=\"tab-21910a999677769343a\">\n<p><span style=\"font-weight: 400;\">La gama de productos de Storagetech cumple todas las normas industriales pertinentes. Estas normas incluyen ATEX, ISO 16850, PED y ASME U y R.  <\/span><\/p>\n<p>Nuestras instalaciones de fabricaci\u00f3n est\u00e1n acreditadas conforme a las normas ISO 9001, ISO 45001 y otras normas internacionales.<\/p>\n<\/div><\/div><\/div><\/div><\/div><\/div><\/div>\n<div class=\"fusion-fullwidth fullwidth-box fusion-builder-row-4 fusion-flex-container fusion-parallax-none nonhundred-percent-fullwidth non-hundred-percent-height-scrolling lazyload\" style=\"--awb-background-position:left top;--awb-border-sizes-top:0px;--awb-border-sizes-bottom:0px;--awb-border-sizes-left:0px;--awb-border-sizes-right:0px;--awb-border-radius-top-left:0px;--awb-border-radius-top-right:0px;--awb-border-radius-bottom-right:0px;--awb-border-radius-bottom-left:0px;--awb-padding-top:100px;--awb-padding-bottom:100px;--awb-background-image:linear-gradient(180deg, hsla(var(--awb-color4-h),var(--awb-color4-s),calc(var(--awb-color4-l) - 4%),calc(var(--awb-color4-a) - 10%)) 0%,hsla(var(--awb-color4-h),var(--awb-color4-s),calc(var(--awb-color4-l) - 4%),calc(var(--awb-color4-a) - 10%)) 100%);;--awb-background-size:cover;--awb-flex-wrap:wrap;\" data-bg=\"https:\/\/storagetech.de\/wp-content\/uploads\/2022\/11\/city-2.jpg\" data-bg-gradient=\"linear-gradient(180deg, hsla(var(--awb-color4-h),var(--awb-color4-s),calc(var(--awb-color4-l) - 4%),calc(var(--awb-color4-a) - 10%)) 0%,hsla(var(--awb-color4-h),var(--awb-color4-s),calc(var(--awb-color4-l) - 4%),calc(var(--awb-color4-a) - 10%)) 100%)\" ><div class=\"fusion-builder-row fusion-row fusion-flex-align-items-flex-start fusion-flex-content-wrap\" style=\"max-width:calc( 1170px + 0px );margin-left: calc(-0px \/ 2 );margin-right: calc(-0px \/ 2 );\"><div class=\"fusion-layout-column fusion_builder_column fusion-builder-column-8 fusion_builder_column_1_1 1_1 fusion-flex-column fusion-flex-align-self-flex-start fusion-column-no-min-height\" style=\"--awb-bg-blend:overlay;--awb-bg-size:cover;--awb-width-large:100%;--awb-margin-top-large:0px;--awb-spacing-right-large:0px;--awb-margin-bottom-large:0px;--awb-spacing-left-large:0px;--awb-width-medium:100%;--awb-spacing-right-medium:0px;--awb-spacing-left-medium:0px;--awb-width-small:100%;--awb-spacing-right-small:0px;--awb-spacing-left-small:0px;\"><div class=\"fusion-column-wrapper fusion-flex-justify-content-flex-start fusion-content-layout-column\"><\/div><\/div><div class=\"fusion-layout-column fusion_builder_column fusion-builder-column-9 fusion_builder_column_1_1 1_1 fusion-flex-column fusion-flex-align-self-flex-start fusion-column-no-min-height\" style=\"--awb-bg-blend:overlay;--awb-bg-size:cover;--awb-width-large:100%;--awb-margin-top-large:0px;--awb-spacing-right-large:0px;--awb-margin-bottom-large:0px;--awb-spacing-left-large:0px;--awb-width-medium:100%;--awb-spacing-right-medium:0px;--awb-spacing-left-medium:0px;--awb-width-small:100%;--awb-spacing-right-small:0px;--awb-spacing-left-small:0px;\"><div class=\"fusion-column-wrapper fusion-flex-justify-content-flex-start fusion-content-layout-column\"><div class=\"fusion-title title fusion-title-3 fusion-sep-none fusion-title-center fusion-title-text fusion-title-size-one\" style=\"--awb-text-color:var(--awb-color1);--awb-margin-bottom:16px;\"><h1 class=\"fusion-title-heading title-heading-center fusion-responsive-typography-calculated\" style=\"margin:0;text-transform:none;--fontSize:48;line-height:var(--awb-typography1-line-height);\"><span style=\"font-weight: 400;\">Estamos Aqu\u00ed Para La Mejor Soluci\u00f3n<\/span><\/h1><\/div><div class=\"fusion-text fusion-text-4\" style=\"--awb-content-alignment:center;--awb-font-size:18px;--awb-line-height:20px;--awb-text-color:var(--awb-color1);\"><p><span style=\"font-weight: 400;\">Mejores productos para las personas y el medio ambiente<\/span><\/p>\n<\/div><div class=\"fusion-separator fusion-full-width-sep\" style=\"align-self: center;margin-left: auto;margin-right: auto;margin-top:9px;margin-bottom:9px;width:100%;\"><\/div><div style=\"text-align:center;\"><a class=\"fusion-button button-flat button-xlarge button-custom fusion-button-default button-1 fusion-button-default-span \" style=\"--button_accent_color:hsla(var(--awb-color1-h),var(--awb-color1-s),var(--awb-color1-l),calc( var(--awb-color1-a) - 40% ));--button_border_color:hsla(var(--awb-color1-h),var(--awb-color1-s),var(--awb-color1-l),calc( var(--awb-color1-a) - 40% ));--button_accent_hover_color:var(--awb-color1);--button_border_hover_color:var(--awb-color1);--button_border_width-top:1px;--button_border_width-right:1px;--button_border_width-bottom:1px;--button_border_width-left:1px;--button-border-radius-top-left:2px;--button-border-radius-top-right:2px;--button-border-radius-bottom-right:2px;--button-border-radius-bottom-left:2px;--button_gradient_top_color:rgba(255,255,255,0);--button_gradient_bottom_color:rgba(255,255,255,0);--button_gradient_top_color_hover:hsla(var(--awb-color1-h),var(--awb-color1-s),var(--awb-color1-l),calc( var(--awb-color1-a) - 91% )));--button_gradient_bottom_color_hover:hsla(var(--awb-color1-h),var(--awb-color1-s),var(--awb-color1-l),calc( var(--awb-color1-a) - 91% )));\" target=\"_blank\" rel=\"noopener noreferrer\" href=\"https:\/\/storagetech.de\/contact\/\"><span class=\"fusion-button-text\">Empecemos<\/span><\/a><\/div><\/div><\/div><\/div><\/div>\n<\/p>\n","protected":false},"excerpt":{"rendered":"","protected":false},"author":1,"featured_media":0,"parent":18207,"menu_order":0,"comment_status":"closed","ping_status":"closed","template":"100-width.php","meta":{"footnotes":""},"class_list":["post-18198","page","type-page","status-publish","hentry"],"_links":{"self":[{"href":"https:\/\/storagetech.de\/es\/wp-json\/wp\/v2\/pages\/18198","targetHints":{"allow":["GET"]}}],"collection":[{"href":"https:\/\/storagetech.de\/es\/wp-json\/wp\/v2\/pages"}],"about":[{"href":"https:\/\/storagetech.de\/es\/wp-json\/wp\/v2\/types\/page"}],"author":[{"embeddable":true,"href":"https:\/\/storagetech.de\/es\/wp-json\/wp\/v2\/users\/1"}],"replies":[{"embeddable":true,"href":"https:\/\/storagetech.de\/es\/wp-json\/wp\/v2\/comments?post=18198"}],"version-history":[{"count":0,"href":"https:\/\/storagetech.de\/es\/wp-json\/wp\/v2\/pages\/18198\/revisions"}],"up":[{"embeddable":true,"href":"https:\/\/storagetech.de\/es\/wp-json\/wp\/v2\/pages\/18207"}],"wp:attachment":[{"href":"https:\/\/storagetech.de\/es\/wp-json\/wp\/v2\/media?parent=18198"}],"curies":[{"name":"wp","href":"https:\/\/api.w.org\/{rel}","templated":true}]}}