{"id":5876,"date":"2022-12-01T10:52:59","date_gmt":"2022-12-01T07:52:59","guid":{"rendered":"https:\/\/storagetech.de\/endustriler\/petrol-ve-gaz-depolama\/"},"modified":"2023-01-16T13:06:56","modified_gmt":"2023-01-16T10:06:56","slug":"petrol-ve-gaz-depolama","status":"publish","type":"page","link":"https:\/\/storagetech.de\/tr\/endustriler\/petrol-ve-gaz-depolama\/","title":{"rendered":"Petrol ve Gaz Depolama"},"content":{"rendered":"<p><div class=\"fusion-fullwidth fullwidth-box fusion-builder-row-1 fusion-flex-container has-pattern-background has-mask-background nonhundred-percent-fullwidth non-hundred-percent-height-scrolling\" style=\"--link_hover_color: #3c95d0;--awb-border-radius-top-left:0px;--awb-border-radius-top-right:0px;--awb-border-radius-bottom-right:0px;--awb-border-radius-bottom-left:0px;--awb-flex-wrap:wrap;\" ><div class=\"fusion-builder-row fusion-row fusion-flex-align-items-center fusion-flex-content-wrap\" style=\"max-width:1216.8px;margin-left: calc(-4% \/ 2 );margin-right: calc(-4% \/ 2 );\"><div class=\"fusion-layout-column fusion_builder_column fusion-builder-column-0 fusion_builder_column_5_6 5_6 fusion-flex-column fusion-flex-align-self-center\" style=\"--awb-bg-size:cover;--awb-width-large:83.333333333333%;--awb-margin-top-large:20px;--awb-spacing-right-large:2.304%;--awb-margin-bottom-large:20px;--awb-spacing-left-large:2.304%;--awb-width-medium:100%;--awb-order-medium:0;--awb-spacing-right-medium:1.92%;--awb-spacing-left-medium:1.92%;--awb-width-small:100%;--awb-order-small:0;--awb-spacing-right-small:1.92%;--awb-spacing-left-small:1.92%;\"><div class=\"fusion-column-wrapper fusion-column-has-shadow fusion-flex-justify-content-center fusion-content-layout-column\"><div class=\"fusion-title title fusion-title-1 fusion-sep-none fusion-title-text fusion-title-size-two\" style=\"--awb-text-color:#e2e2e2;--awb-margin-bottom:0px;--awb-font-size:46px;\"><h2 class=\"fusion-title-heading title-heading-left fusion-responsive-typography-calculated\" style=\"font-family:&quot;Open Sans&quot;;font-style:normal;font-weight:400;margin:0;font-size:1em;letter-spacing:-0.015em;text-transform:none;--fontSize:46;line-height:0.65;\"><a href=\"https:\/\/storagetech.de\/industries\/\" class=\"awb-custom-text-color awb-custom-text-hover-color\" target=\"_self\">End\u00fcstriler<\/a><\/h2><\/div><\/div><\/div><div class=\"fusion-layout-column fusion_builder_column fusion-builder-column-1 fusion_builder_column_1_6 1_6 fusion-flex-column fusion-flex-align-self-center\" style=\"--awb-bg-size:cover;--awb-width-large:16.666666666667%;--awb-margin-top-large:20px;--awb-spacing-right-large:11.52%;--awb-margin-bottom-large:20px;--awb-spacing-left-large:11.52%;--awb-width-medium:100%;--awb-order-medium:0;--awb-spacing-right-medium:1.92%;--awb-spacing-left-medium:1.92%;--awb-width-small:100%;--awb-order-small:0;--awb-spacing-right-small:1.92%;--awb-spacing-left-small:1.92%;\"><div class=\"fusion-column-wrapper fusion-column-has-shadow fusion-flex-justify-content-center fusion-content-layout-column\"><div class=\"fusion-image-element \" style=\"--awb-margin-top:0px;--awb-margin-bottom:0px;--awb-caption-title-font-family:var(--h2_typography-font-family);--awb-caption-title-font-weight:var(--h2_typography-font-weight);--awb-caption-title-font-style:var(--h2_typography-font-style);--awb-caption-title-size:var(--h2_typography-font-size);--awb-caption-title-transform:var(--h2_typography-text-transform);--awb-caption-title-line-height:var(--h2_typography-line-height);--awb-caption-title-letter-spacing:var(--h2_typography-letter-spacing);\"><span class=\" fusion-imageframe imageframe-none imageframe-1 hover-type-none\"><img decoding=\"async\" src=\"data:image\/gif;base64,R0lGODlhAQABAAAAACH5BAEKAAEALAAAAAABAAEAAAICTAEAOw==\" data-orig-src=\"https:\/\/aager.de\/wp-content\/uploads\/2022\/07\/breadcum_logo-1.png\" class=\"lazyload img-responsive wp-image-5966\" alt=\"\" title=\"\"><\/span><\/div><\/div><\/div><div class=\"fusion-layout-column fusion_builder_column fusion-builder-column-2 fusion_builder_column_1_1 1_1 fusion-flex-column fusion-flex-align-self-flex-start\" style=\"--awb-bg-size:cover;--awb-width-large:100%;--awb-margin-top-large:0px;--awb-spacing-right-large:1.92%;--awb-margin-bottom-large:20px;--awb-spacing-left-large:1.92%;--awb-width-medium:100%;--awb-order-medium:0;--awb-spacing-right-medium:1.92%;--awb-spacing-left-medium:1.92%;--awb-width-small:100%;--awb-order-small:0;--awb-spacing-right-small:1.92%;--awb-spacing-left-small:1.92%;\"><div class=\"fusion-column-wrapper fusion-column-has-shadow fusion-flex-justify-content-flex-start fusion-content-layout-column\"><div class=\"fusion-separator fusion-full-width-sep\" style=\"align-self: center;margin-left: auto;margin-right: auto;width:100%;\"><div class=\"fusion-separator-border sep-single\" style=\"--awb-height:20px;--awb-amount:20px;--awb-sep-color:var(--awb-color3);border-color:var(--awb-color3);border-top-width:1px;\"><\/div><\/div><\/div><\/div><\/div><\/div>\n<div class=\"fusion-fullwidth fullwidth-box fusion-builder-row-2 fusion-flex-container has-pattern-background has-mask-background nonhundred-percent-fullwidth non-hundred-percent-height-scrolling\" style=\"--awb-background-position:left top;--awb-border-sizes-top:0px;--awb-border-sizes-bottom:0px;--awb-border-sizes-left:0px;--awb-border-sizes-right:0px;--awb-border-radius-top-left:0px;--awb-border-radius-top-right:0px;--awb-border-radius-bottom-right:0px;--awb-border-radius-bottom-left:0px;--awb-padding-top:50px;--awb-padding-bottom:30px;--awb-flex-wrap:wrap;\" ><div class=\"fusion-builder-row fusion-row fusion-flex-align-items-flex-start fusion-flex-content-wrap\" style=\"max-width:1216.8px;margin-left: calc(-4% \/ 2 );margin-right: calc(-4% \/ 2 );\"><div class=\"fusion-layout-column fusion_builder_column fusion-builder-column-3 fusion_builder_column_1_2 1_2 fusion-flex-column\" style=\"--awb-bg-blend:overlay;--awb-bg-size:cover;--awb-width-large:50%;--awb-margin-top-large:0px;--awb-spacing-right-large:3.84%;--awb-margin-bottom-large:20px;--awb-spacing-left-large:3.84%;--awb-width-medium:100%;--awb-spacing-right-medium:1.92%;--awb-spacing-left-medium:1.92%;--awb-width-small:100%;--awb-spacing-right-small:1.92%;--awb-spacing-left-small:1.92%;\"><div class=\"fusion-column-wrapper fusion-flex-justify-content-flex-start fusion-content-layout-column\"><div class=\"fusion-title title fusion-title-2 fusion-sep-none fusion-title-text fusion-title-size-two\" style=\"--awb-margin-bottom:50px;\"><h2 class=\"fusion-title-heading title-heading-left fusion-responsive-typography-calculated\" style=\"margin:0;text-transform:none;--fontSize:32;line-height:var(--awb-typography1-line-height);\">Petrol ve Gaz Depolama<\/h2><\/div><div class=\"fusion-separator\" style=\"align-self: flex-start;margin-right:auto;margin-top:0px;margin-bottom:40px;width:100%;max-width:170px;\"><div class=\"fusion-separator-border sep-single sep-solid\" style=\"--awb-height:20px;--awb-amount:20px;--awb-sep-color:var(--awb-color3);border-color:var(--awb-color3);border-top-width:3px;\"><\/div><\/div><div class=\"fusion-text fusion-text-1\"><p><span style=\"font-weight: 400;\">Storagetech, petrol ve gaz end\u00fcstrisinde i\u00e7in in\u015faat, ekipman \u00fcretimi ve m\u00fchendislik alanlar\u0131nda 40 y\u0131l\u0131 a\u015fk\u0131n deneyime sahiptir. \u00c7evre dostu emisyon kontrol \u00fcr\u00fcnlerimiz ile m\u00fc\u015fterilerimizin s\u0131f\u0131r karbon hedeflerine ula\u015fmalar\u0131na yard\u0131mc\u0131 oluyoruz. Operasyon ya\u015fam d\u00f6ng\u00fcs\u00fc boyunca en ekonomik, en g\u00fcvenli ve s\u00fcrd\u00fcr\u00fclebilir \u00fcr\u00fcnleri sa\u011flayoruz. Bu, m\u00fc\u015fterilerimizin en y\u00fcksek performans\u0131 elde etmelerine yard\u0131mc\u0131 olmaktad\u0131r. Bu ba\u011flamda d\u00fcnyan\u0131n \u00f6nde gelen ilk 20 petrol \u015firketinden 17&#8217;sini, 200&#8217;\u00fcn \u00fczerinde rafinerini, b\u00fcy\u00fck petrol sahalar\u0131n\u0131 ve mega boru hatt\u0131 projelerini ba\u015far\u0131yla tamamlam\u0131\u015f olmaktan gurur duyuyoruz.<\/span><\/p>\n<\/div><div class=\"fusion-separator\" style=\"align-self: flex-start;margin-right:auto;margin-top:0px;margin-bottom:30px;width:100%;max-width:170px;\"><\/div><\/div><\/div><div class=\"fusion-layout-column fusion_builder_column fusion-builder-column-4 fusion_builder_column_1_2 1_2 fusion-flex-column\" style=\"--awb-bg-blend:overlay;--awb-bg-size:cover;--awb-width-large:50%;--awb-margin-top-large:0px;--awb-spacing-right-large:3.84%;--awb-margin-bottom-large:20px;--awb-spacing-left-large:3.84%;--awb-width-medium:100%;--awb-spacing-right-medium:1.92%;--awb-spacing-left-medium:1.92%;--awb-width-small:100%;--awb-spacing-right-small:1.92%;--awb-spacing-left-small:1.92%;\"><div class=\"fusion-column-wrapper fusion-flex-justify-content-flex-start fusion-content-layout-column\"><div class=\"fusion-image-element \" style=\"--awb-caption-title-font-family:var(--h2_typography-font-family);--awb-caption-title-font-weight:var(--h2_typography-font-weight);--awb-caption-title-font-style:var(--h2_typography-font-style);--awb-caption-title-size:var(--h2_typography-font-size);--awb-caption-title-transform:var(--h2_typography-text-transform);--awb-caption-title-line-height:var(--h2_typography-line-height);--awb-caption-title-letter-spacing:var(--h2_typography-letter-spacing);\"><span class=\" fusion-imageframe imageframe-none imageframe-2 hover-type-zoomin fusion-animated\" data-animationType=\"fadeInDown\" data-animationDuration=\"1\" data-animationOffset=\"top-into-view\"><img decoding=\"async\" width=\"800\" height=\"541\" title=\"oil gas bulk storage equipments\" src=\"https:\/\/storagetech.de\/wp-content\/uploads\/2022\/12\/oil-gas-bulk-storage-equipments.png\" data-orig-src=\"https:\/\/storagetech.de\/wp-content\/uploads\/2022\/12\/oil-gas-bulk-storage-equipments.png\" class=\"lazyload img-responsive wp-image-5185\" srcset=\"data:image\/svg+xml,%3Csvg%20xmlns%3D%27http%3A%2F%2Fwww.w3.org%2F2000%2Fsvg%27%20width%3D%27800%27%20height%3D%27541%27%20viewBox%3D%270%200%20800%20541%27%3E%3Crect%20width%3D%27800%27%20height%3D%27541%27%20fill-opacity%3D%220%22%2F%3E%3C%2Fsvg%3E\" data-srcset=\"https:\/\/storagetech.de\/wp-content\/uploads\/2022\/12\/oil-gas-bulk-storage-equipments-200x135.png 200w, https:\/\/storagetech.de\/wp-content\/uploads\/2022\/12\/oil-gas-bulk-storage-equipments-400x271.png 400w, https:\/\/storagetech.de\/wp-content\/uploads\/2022\/12\/oil-gas-bulk-storage-equipments-600x406.png 600w, https:\/\/storagetech.de\/wp-content\/uploads\/2022\/12\/oil-gas-bulk-storage-equipments.png 800w\" data-sizes=\"auto\" data-orig-sizes=\"(max-width: 800px) 100vw, (max-width: 640px) 100vw, 600px\" data-orig- alt=\"\"><\/span><\/div><div class=\"fusion-separator fusion-full-width-sep\" style=\"align-self: center;margin-left: auto;margin-right: auto;margin-top:40px;width:100%;\"><\/div><\/div><\/div><div class=\"fusion-layout-column fusion_builder_column fusion-builder-column-5 fusion_builder_column_1_1 1_1 fusion-flex-column\" style=\"--awb-bg-size:cover;--awb-width-large:100%;--awb-margin-top-large:0px;--awb-spacing-right-large:1.92%;--awb-margin-bottom-large:20px;--awb-spacing-left-large:1.92%;--awb-width-medium:100%;--awb-order-medium:0;--awb-spacing-right-medium:1.92%;--awb-spacing-left-medium:1.92%;--awb-width-small:100%;--awb-order-small:0;--awb-spacing-right-small:1.92%;--awb-spacing-left-small:1.92%;\"><div class=\"fusion-column-wrapper fusion-column-has-shadow fusion-flex-justify-content-flex-start fusion-content-layout-column\"><div class=\"fusion-text fusion-text-2\"><p><strong>\u00dcr\u00fcn ve hizmetlerimizden baz\u0131lar\u0131;<\/strong><\/p>\n<ul>\n<li>Process ekipmanlar\u0131; seperat\u00f6rler, filtreler ve birle\u015ftiriciler<\/li>\n<li>Statik ekipmanlar; bas\u0131n\u00e7l\u0131 kaplar, depolama tanklar\u0131, termik ak\u0131\u015fkan \u0131s\u0131t\u0131c\u0131lar\u0131 ve \u0131s\u0131 e\u015fanj\u00f6rleri.<\/li>\n<li>Depolama tank\u0131 emisyon kontrol\u00fc ve g\u00fcvenli\u011fi; depolama tank\u0131 al\u00fcminyum kubbe \u00e7at\u0131lar, dahili y\u00fczer tavanlar, contalar, y\u00fczer emi\u015f \u00fcniteleri, alev tutucular, bas\u0131n\u00e7 vakum tahliye valfleri.<\/li>\n<li>Hava kirlili\u011fi kontrol\u00fc; \u0131slak paket scrubberlar, emiciler, koku kontrol \u00fcniteleri ve biyo scrubberlar.<\/li>\n<li>End\u00fcstriyel Susturucular; s\u0131ral\u0131 havaland\u0131rma susturucular\u0131, tamponlar, egzoz susturucular\u0131<\/li>\n<li>Boru hatt\u0131 b\u00fct\u00fcnl\u00fc\u011f\u00fc; pig launcher &amp; receivers, surge vessels<\/li>\n<\/ul>\n<\/div><\/div><\/div><\/div><\/div><div class=\"fusion-fullwidth fullwidth-box fusion-builder-row-3 fusion-flex-container has-pattern-background has-mask-background nonhundred-percent-fullwidth non-hundred-percent-height-scrolling\" style=\"--awb-border-radius-top-left:0px;--awb-border-radius-top-right:0px;--awb-border-radius-bottom-right:0px;--awb-border-radius-bottom-left:0px;--awb-flex-wrap:wrap;\" ><div class=\"fusion-builder-row fusion-row fusion-flex-align-items-flex-start fusion-flex-content-wrap\" style=\"max-width:1216.8px;margin-left: calc(-4% \/ 2 );margin-right: calc(-4% \/ 2 );\"><div class=\"fusion-layout-column fusion_builder_column fusion-builder-column-6 fusion_builder_column_1_1 1_1 fusion-flex-column fusion-flex-align-self-flex-start fusion-column-no-min-height\" style=\"--awb-bg-blend:overlay;--awb-bg-size:cover;--awb-width-large:100%;--awb-margin-top-large:50px;--awb-spacing-right-large:1.92%;--awb-margin-bottom-large:0px;--awb-spacing-left-large:1.92%;--awb-width-medium:100%;--awb-order-medium:0;--awb-spacing-right-medium:1.92%;--awb-spacing-left-medium:1.92%;--awb-width-small:100%;--awb-order-small:0;--awb-spacing-right-small:1.92%;--awb-spacing-left-small:1.92%;\"><div class=\"fusion-column-wrapper fusion-column-has-shadow fusion-flex-justify-content-flex-start fusion-content-layout-column\"><div class=\"fusion-tabs fusion-tabs-1 classic nav-is-justified horizontal-tabs icon-position-left mobile-mode-accordion\" style=\"--awb-title-border-radius-top-left:0px;--awb-title-border-radius-top-right:0px;--awb-title-border-radius-bottom-right:0px;--awb-title-border-radius-bottom-left:0px;--awb-alignment:center;--awb-inactive-color:var(--awb-color2);--awb-background-color:var(--awb-color1);--awb-border-color:var(--awb-color3);--awb-active-border-color:var(--awb-color4);\"><div class=\"nav\"><ul class=\"nav-tabs nav-justified\" role=\"tablist\"><li class=\"active\" role=\"presentation\"><a class=\"tab-link\" data-toggle=\"tab\" role=\"tab\" aria-controls=\"tab-71a4ec8c82942fc28db\" aria-selected=\"true\" id=\"fusion-tab-\u00c7\u00f6z\u00fcm\" href=\"#tab-71a4ec8c82942fc28db\"><h4 class=\"fusion-tab-heading\"><i class=\"fontawesome-icon icon-agency-laptop-solid\" aria-hidden=\"true\" style=\"font-size:16px;\"><\/i>\u00c7\u00f6z\u00fcm<\/h4><\/a><\/li><li role=\"presentation\"><a class=\"tab-link\" data-toggle=\"tab\" role=\"tab\" aria-controls=\"tab-7a04cad15d90a2a50de\" aria-selected=\"false\" tabindex=\"-1\" id=\"fusion-tab-deneyim\" href=\"#tab-7a04cad15d90a2a50de\"><h4 class=\"fusion-tab-heading\"><i class=\"fontawesome-icon icon-agency-rocket-solid\" aria-hidden=\"true\" style=\"font-size:16px;\"><\/i>Deneyim<\/h4><\/a><\/li><li role=\"presentation\"><a class=\"tab-link\" data-toggle=\"tab\" role=\"tab\" aria-controls=\"tab-f733e3aa99c720c9f7c\" aria-selected=\"false\" tabindex=\"-1\" id=\"fusion-tab-teknoloji\" href=\"#tab-f733e3aa99c720c9f7c\"><h4 class=\"fusion-tab-heading\"><i class=\"fontawesome-icon icon-agency-code-solid\" aria-hidden=\"true\" style=\"font-size:16px;\"><\/i>Teknoloji<\/h4><\/a><\/li><li role=\"presentation\"><a class=\"tab-link\" data-toggle=\"tab\" role=\"tab\" aria-controls=\"tab-ea9b88e321e3da0957a\" aria-selected=\"false\" tabindex=\"-1\" id=\"fusion-tab-uyum\" href=\"#tab-ea9b88e321e3da0957a\"><h4 class=\"fusion-tab-heading\"><i class=\"fontawesome-icon icon-agency-film-solid\" aria-hidden=\"true\" style=\"font-size:16px;\"><\/i>Uyum<\/h4><\/a><\/li><\/ul><\/div><div class=\"tab-content\"><div class=\"nav fusion-mobile-tab-nav\"><ul class=\"nav-tabs nav-justified\" role=\"tablist\"><li class=\"active\" role=\"presentation\"><a class=\"tab-link\" data-toggle=\"tab\" role=\"tab\" aria-controls=\"tab-71a4ec8c82942fc28db\" aria-selected=\"true\" id=\"mobile-fusion-tab-\u00c7\u00f6z\u00fcm\" href=\"#tab-71a4ec8c82942fc28db\"><h4 class=\"fusion-tab-heading\"><i class=\"fontawesome-icon icon-agency-laptop-solid\" aria-hidden=\"true\" style=\"font-size:16px;\"><\/i>\u00c7\u00f6z\u00fcm<\/h4><\/a><\/li><\/ul><\/div><div class=\"tab-pane fade fusion-clearfix in active\" role=\"tabpanel\" tabindex=\"0\" aria-labelledby=\"fusion-tab-\u00c7\u00f6z\u00fcm\" id=\"tab-71a4ec8c82942fc28db\">\n<p><span style=\"font-weight: 400;\">Storagetech her sekt\u00f6rde, en iyi \u00e7\u00f6z\u00fcmleri sunmak i\u00e7in m\u00fc\u015fterilerinin yan\u0131ndad\u0131r. Storagetech&#8217;de \u00fcr\u00fcn \u00e7e\u015fitlili\u011fi, m\u00fc\u015fteri odakl\u0131 bak\u0131\u015f a\u00e7\u0131s\u0131na ve sekt\u00f6rel ihtiya\u00e7lara g\u00f6re \u015fekillendirilmi\u015ftir. \u00c7evreye kar\u015f\u0131 duyarl\u0131 \u00e7\u00f6z\u00fcmler, toplum ve end\u00fcstrinin kendisi i\u00e7in deneyimli ekiplerimiz taraf\u0131ndan geli\u015ftirilmektedir. B\u00f6ylelikle Storagetech \u00fcr\u00fcnleri, her t\u00fcrl\u00fc depolama tank\u0131 ekipman\u0131 i\u00e7in daha iyi ve daha g\u00fcvenli bir \u00e7\u00f6z\u00fcm sa\u011flar. <\/span><\/p>\n<\/div><div class=\"nav fusion-mobile-tab-nav\"><ul class=\"nav-tabs nav-justified\" role=\"tablist\"><li role=\"presentation\"><a class=\"tab-link\" data-toggle=\"tab\" role=\"tab\" aria-controls=\"tab-7a04cad15d90a2a50de\" aria-selected=\"false\" tabindex=\"-1\" id=\"mobile-fusion-tab-deneyim\" href=\"#tab-7a04cad15d90a2a50de\"><h4 class=\"fusion-tab-heading\"><i class=\"fontawesome-icon icon-agency-rocket-solid\" aria-hidden=\"true\" style=\"font-size:16px;\"><\/i>Deneyim<\/h4><\/a><\/li><\/ul><\/div><div class=\"tab-pane fade fusion-clearfix\" role=\"tabpanel\" tabindex=\"0\" aria-labelledby=\"fusion-tab-deneyim\" id=\"tab-7a04cad15d90a2a50de\">\n<p><span style=\"font-weight: 400;\">Storagetech&#8217;in deneyimli m\u00fchendislik ve Ar-Ge ekipleri m\u00fc\u015fterileriyle yak\u0131n temas halinda \u00e7al\u0131\u015f\u0131r. T\u00fcm sekt\u00f6r payda\u015flar\u0131 ile y\u00fcr\u00fct\u00fclen bu \u00e7al\u0131\u015fma felsefesi, markan\u0131n 40 y\u0131ll\u0131k tecr\u00fcbesinin de anahtar\u0131d\u0131r. Deneyimli ekibimiz kendisini her zaman en iyi ve en yeni \u00e7\u00f6z\u00fcm\u00fc sunmak i\u00e7in geli\u015fmektedir. <\/span><\/p>\n<\/div><div class=\"nav fusion-mobile-tab-nav\"><ul class=\"nav-tabs nav-justified\" role=\"tablist\"><li role=\"presentation\"><a class=\"tab-link\" data-toggle=\"tab\" role=\"tab\" aria-controls=\"tab-f733e3aa99c720c9f7c\" aria-selected=\"false\" tabindex=\"-1\" id=\"mobile-fusion-tab-teknoloji\" href=\"#tab-f733e3aa99c720c9f7c\"><h4 class=\"fusion-tab-heading\"><i class=\"fontawesome-icon icon-agency-code-solid\" aria-hidden=\"true\" style=\"font-size:16px;\"><\/i>Teknoloji<\/h4><\/a><\/li><\/ul><\/div><div class=\"tab-pane fade fusion-clearfix\" role=\"tabpanel\" tabindex=\"0\" aria-labelledby=\"fusion-tab-teknoloji\" id=\"tab-f733e3aa99c720c9f7c\"><span style=\"font-weight: 400;\">Storagetech&#8217;in \u00f6nceliklerden birisi de son teknolojiyi takip etmektir. Ar-Ge ekiplerimiz ara\u015ft\u0131rma s\u00fcre\u00e7lerini hem kurum i\u00e7erisinde hem de \u00fcniversitelerle devam ettirir. Storagetech&#8217;in \u00fcretim tesisi, \u00fcretim faaliyetleri esnas\u0131nda insan etkisini ve olas\u0131 hatalar\u0131 en aza indirmek i\u00e7in son teknolojiyle entegre edilmi\u015ftir. Tasar\u0131m a\u015famas\u0131ndaki teknik \u00e7izimlerde ise \u00f6zel bilgisayar ve hesaplama programlar\u0131 kullan\u0131lmaktad\u0131r. Bu \u015fekilde \u00fcr\u00fcn ve hizmletlerde en verimli sonu\u00e7lar elde edilir.<\/span><\/div><div class=\"nav fusion-mobile-tab-nav\"><ul class=\"nav-tabs nav-justified\" role=\"tablist\"><li role=\"presentation\"><a class=\"tab-link\" data-toggle=\"tab\" role=\"tab\" aria-controls=\"tab-ea9b88e321e3da0957a\" aria-selected=\"false\" tabindex=\"-1\" id=\"mobile-fusion-tab-uyum\" href=\"#tab-ea9b88e321e3da0957a\"><h4 class=\"fusion-tab-heading\"><i class=\"fontawesome-icon icon-agency-film-solid\" aria-hidden=\"true\" style=\"font-size:16px;\"><\/i>Uyum<\/h4><\/a><\/li><\/ul><\/div><div class=\"tab-pane fade fusion-clearfix\" role=\"tabpanel\" tabindex=\"0\" aria-labelledby=\"fusion-tab-uyum\" id=\"tab-ea9b88e321e3da0957a\">\n<p><span style=\"font-weight: 400;\">Storagetech&#8217;in geni\u015f \u00fcr\u00fcn yelpazesi, t\u00fcm end\u00fcstri standartlar\u0131yla uyumludur. Bu standartlar aras\u0131nda ATEX, ISO 16850, PED ve ASME U ve R yer al\u0131r. <\/span><\/p>\n<p>\u00dcretim tesisi, ISO 9001, ISO 45001 ve di\u011fer uluslararas\u0131 standartlara g\u00f6re akredite edilmi\u015ftir.<\/p>\n<\/div><\/div><\/div><\/div><\/div><\/div><\/div>\n<div class=\"fusion-fullwidth fullwidth-box fusion-builder-row-4 fusion-flex-container fusion-parallax-none nonhundred-percent-fullwidth non-hundred-percent-height-scrolling lazyload\" style=\"--awb-background-position:left top;--awb-border-sizes-top:0px;--awb-border-sizes-bottom:0px;--awb-border-sizes-left:0px;--awb-border-sizes-right:0px;--awb-border-radius-top-left:0px;--awb-border-radius-top-right:0px;--awb-border-radius-bottom-right:0px;--awb-border-radius-bottom-left:0px;--awb-padding-top:100px;--awb-padding-bottom:100px;--awb-background-image:linear-gradient(180deg, hsla(var(--awb-color4-h),var(--awb-color4-s),calc(var(--awb-color4-l) - 4%),calc(var(--awb-color4-a) - 10%)) 0%,hsla(var(--awb-color4-h),var(--awb-color4-s),calc(var(--awb-color4-l) - 4%),calc(var(--awb-color4-a) - 10%)) 100%);;--awb-background-size:cover;--awb-flex-wrap:wrap;\" data-bg=\"https:\/\/storagetech.de\/wp-content\/uploads\/2022\/11\/city-2.jpg\" data-bg-gradient=\"linear-gradient(180deg, hsla(var(--awb-color4-h),var(--awb-color4-s),calc(var(--awb-color4-l) - 4%),calc(var(--awb-color4-a) - 10%)) 0%,hsla(var(--awb-color4-h),var(--awb-color4-s),calc(var(--awb-color4-l) - 4%),calc(var(--awb-color4-a) - 10%)) 100%)\" ><div class=\"fusion-builder-row fusion-row fusion-flex-align-items-flex-start fusion-flex-content-wrap\" style=\"max-width:calc( 1170px + 0px );margin-left: calc(-0px \/ 2 );margin-right: calc(-0px \/ 2 );\"><div class=\"fusion-layout-column fusion_builder_column fusion-builder-column-7 fusion_builder_column_1_1 1_1 fusion-flex-column fusion-flex-align-self-flex-start fusion-column-no-min-height\" style=\"--awb-bg-blend:overlay;--awb-bg-size:cover;--awb-width-large:100%;--awb-margin-top-large:0px;--awb-spacing-right-large:0px;--awb-margin-bottom-large:0px;--awb-spacing-left-large:0px;--awb-width-medium:100%;--awb-spacing-right-medium:0px;--awb-spacing-left-medium:0px;--awb-width-small:100%;--awb-spacing-right-small:0px;--awb-spacing-left-small:0px;\"><div class=\"fusion-column-wrapper fusion-flex-justify-content-flex-start fusion-content-layout-column\"><\/div><\/div><div class=\"fusion-layout-column fusion_builder_column fusion-builder-column-8 fusion_builder_column_1_1 1_1 fusion-flex-column fusion-flex-align-self-flex-start fusion-column-no-min-height\" style=\"--awb-bg-blend:overlay;--awb-bg-size:cover;--awb-width-large:100%;--awb-margin-top-large:0px;--awb-spacing-right-large:0px;--awb-margin-bottom-large:0px;--awb-spacing-left-large:0px;--awb-width-medium:100%;--awb-spacing-right-medium:0px;--awb-spacing-left-medium:0px;--awb-width-small:100%;--awb-spacing-right-small:0px;--awb-spacing-left-small:0px;\"><div class=\"fusion-column-wrapper fusion-flex-justify-content-flex-start fusion-content-layout-column\"><div class=\"fusion-title title fusion-title-3 fusion-sep-none fusion-title-center fusion-title-text fusion-title-size-one\" style=\"--awb-text-color:var(--awb-color1);--awb-margin-bottom:16px;\"><h1 class=\"fusion-title-heading title-heading-center fusion-responsive-typography-calculated\" style=\"margin:0;text-transform:none;--fontSize:48;line-height:var(--awb-typography1-line-height);\"><span style=\"font-weight: 400;\">En \u0130yi \u00c7\u00f6z\u00fcmler i\u00e7in Buraday\u0131z!<\/span><\/h1><\/div><div class=\"fusion-text fusion-text-3\" style=\"--awb-content-alignment:center;--awb-font-size:18px;--awb-line-height:20px;--awb-text-color:var(--awb-color1);\"><p><span style=\"font-weight: 400;\">Toplum ve \u00c7evre i\u00e7in Hep Daha \u0130yi \u00dcr\u00fcnler<\/span><\/p>\n<\/div><div class=\"fusion-separator fusion-full-width-sep\" style=\"align-self: center;margin-left: auto;margin-right: auto;margin-top:9px;margin-bottom:9px;width:100%;\"><\/div><div style=\"text-align:center;\"><a class=\"fusion-button button-flat button-xlarge button-custom fusion-button-default button-1 fusion-button-default-span \" style=\"--button_accent_color:hsla(var(--awb-color1-h),var(--awb-color1-s),var(--awb-color1-l),calc( var(--awb-color1-a) - 40% ));--button_border_color:hsla(var(--awb-color1-h),var(--awb-color1-s),var(--awb-color1-l),calc( var(--awb-color1-a) - 40% ));--button_accent_hover_color:var(--awb-color1);--button_border_hover_color:var(--awb-color1);--button_border_width-top:1px;--button_border_width-right:1px;--button_border_width-bottom:1px;--button_border_width-left:1px;--button-border-radius-top-left:2px;--button-border-radius-top-right:2px;--button-border-radius-bottom-right:2px;--button-border-radius-bottom-left:2px;--button_gradient_top_color:rgba(255,255,255,0);--button_gradient_bottom_color:rgba(255,255,255,0);--button_gradient_top_color_hover:hsla(var(--awb-color1-h),var(--awb-color1-s),var(--awb-color1-l),calc( var(--awb-color1-a) - 91% )));--button_gradient_bottom_color_hover:hsla(var(--awb-color1-h),var(--awb-color1-s),var(--awb-color1-l),calc( var(--awb-color1-a) - 91% )));\" target=\"_blank\" rel=\"noopener noreferrer\" href=\"https:\/\/storagetech.de\/tr\/iletisim\/\"><span class=\"fusion-button-text\">Bize Ula\u015f\u0131n!<\/span><\/a><\/div><\/div><\/div><\/div><\/div>\n<\/p>\n","protected":false},"excerpt":{"rendered":"","protected":false},"author":1,"featured_media":0,"parent":5446,"menu_order":0,"comment_status":"closed","ping_status":"closed","template":"100-width.php","meta":{"footnotes":""},"class_list":["post-5876","page","type-page","status-publish","hentry"],"_links":{"self":[{"href":"https:\/\/storagetech.de\/tr\/wp-json\/wp\/v2\/pages\/5876","targetHints":{"allow":["GET"]}}],"collection":[{"href":"https:\/\/storagetech.de\/tr\/wp-json\/wp\/v2\/pages"}],"about":[{"href":"https:\/\/storagetech.de\/tr\/wp-json\/wp\/v2\/types\/page"}],"author":[{"embeddable":true,"href":"https:\/\/storagetech.de\/tr\/wp-json\/wp\/v2\/users\/1"}],"replies":[{"embeddable":true,"href":"https:\/\/storagetech.de\/tr\/wp-json\/wp\/v2\/comments?post=5876"}],"version-history":[{"count":0,"href":"https:\/\/storagetech.de\/tr\/wp-json\/wp\/v2\/pages\/5876\/revisions"}],"up":[{"embeddable":true,"href":"https:\/\/storagetech.de\/tr\/wp-json\/wp\/v2\/pages\/5446"}],"wp:attachment":[{"href":"https:\/\/storagetech.de\/tr\/wp-json\/wp\/v2\/media?parent=5876"}],"curies":[{"name":"wp","href":"https:\/\/api.w.org\/{rel}","templated":true}]}}